{"id":7563,"date":"2024-07-15T06:14:14","date_gmt":"2024-07-15T06:14:14","guid":{"rendered":"https:\/\/www.godfreywing.plesk.tms.thomasnet.io\/?page_id=7563"},"modified":"2024-07-15T06:14:14","modified_gmt":"2024-07-15T06:14:14","slug":"impregnacion-de-un-solo-punto","status":"publish","type":"page","link":"https:\/\/www.godfreywing.com\/es\/impregnacion-de-un-solo-punto\/","title":{"rendered":"Impregnaci\u00f3n de Un Solo Punto"},"content":{"rendered":"","protected":false},"excerpt":{"rendered":"","protected":false},"author":25,"featured_media":0,"parent":0,"menu_order":0,"comment_status":"closed","ping_status":"closed","template":"","meta":{"_acf_changed":false,"inline_featured_image":false,"footnotes":""},"class_list":["post-7563","page","type-page","status-publish","hentry"],"acf":[],"yoast_head":"<!-- This site is optimized with the Yoast SEO plugin v27.4 - https:\/\/yoast.com\/product\/yoast-seo-wordpress\/ -->\n<title>Impregnaci\u00f3n de Un Solo Punto<\/title>\n<meta name=\"description\" content=\"Godfrey &amp; Wing, siendo de la confianza de OEM\u2019s automotrices y sus proveedores, ayuda a resolver los retos de las industrias, facilitando la siguiente generaci\u00f3n de dise\u00f1o y producci\u00f3n de los veh\u00edculos el\u00e9ctricos.\" \/>\n<meta name=\"robots\" content=\"index, follow, max-snippet:-1, max-image-preview:large, max-video-preview:-1\" \/>\n<link rel=\"canonical\" href=\"https:\/\/www.godfreywing.com\/es\/impregnacion-de-un-solo-punto\/\" \/>\n<meta property=\"og:locale\" content=\"es_ES\" \/>\n<meta property=\"og:type\" content=\"article\" \/>\n<meta property=\"og:title\" content=\"Impregnaci\u00f3n de Un Solo Punto\" \/>\n<meta property=\"og:description\" content=\"Godfrey &amp; Wing, siendo de la confianza de OEM\u2019s automotrices y sus proveedores, ayuda a resolver los retos de las industrias, facilitando la siguiente generaci\u00f3n de dise\u00f1o y producci\u00f3n de los veh\u00edculos el\u00e9ctricos.\" \/>\n<meta property=\"og:url\" content=\"https:\/\/www.godfreywing.com\/es\/impregnacion-de-un-solo-punto\/\" \/>\n<meta property=\"og:site_name\" content=\"Godfrey \uff06 Wing\" \/>\n<script type=\"application\/ld+json\" class=\"yoast-schema-graph\">{\"@context\":\"https:\\\/\\\/schema.org\",\"@graph\":[{\"@type\":\"WebPage\",\"@id\":\"https:\\\/\\\/www.godfreywing.com\\\/es\\\/impregnacion-de-un-solo-punto\\\/\",\"url\":\"https:\\\/\\\/www.godfreywing.com\\\/es\\\/impregnacion-de-un-solo-punto\\\/\",\"name\":\"Impregnaci\u00f3n de Un Solo Punto\",\"isPartOf\":{\"@id\":\"https:\\\/\\\/www.godfreywing.com\\\/es\\\/#website\"},\"datePublished\":\"2024-07-15T06:14:14+00:00\",\"description\":\"Godfrey & Wing, siendo de la confianza de OEM\u2019s automotrices y sus proveedores, ayuda a resolver los retos de las industrias, facilitando la siguiente generaci\u00f3n de dise\u00f1o y producci\u00f3n de los veh\u00edculos el\u00e9ctricos.\",\"breadcrumb\":{\"@id\":\"https:\\\/\\\/www.godfreywing.com\\\/es\\\/impregnacion-de-un-solo-punto\\\/#breadcrumb\"},\"inLanguage\":\"es\",\"potentialAction\":[{\"@type\":\"ReadAction\",\"target\":[\"https:\\\/\\\/www.godfreywing.com\\\/es\\\/impregnacion-de-un-solo-punto\\\/\"]}]},{\"@type\":\"BreadcrumbList\",\"@id\":\"https:\\\/\\\/www.godfreywing.com\\\/es\\\/impregnacion-de-un-solo-punto\\\/#breadcrumb\",\"itemListElement\":[{\"@type\":\"ListItem\",\"position\":1,\"name\":\"Home\",\"item\":\"https:\\\/\\\/www.godfreywing.com\\\/es\\\/\"},{\"@type\":\"ListItem\",\"position\":2,\"name\":\"Impregnaci\u00f3n de Un Solo Punto\"}]},{\"@type\":\"WebSite\",\"@id\":\"https:\\\/\\\/www.godfreywing.com\\\/es\\\/#website\",\"url\":\"https:\\\/\\\/www.godfreywing.com\\\/es\\\/\",\"name\":\"Godfrey \uff06 Wing\",\"description\":\"\",\"potentialAction\":[{\"@type\":\"SearchAction\",\"target\":{\"@type\":\"EntryPoint\",\"urlTemplate\":\"https:\\\/\\\/www.godfreywing.com\\\/es\\\/?s={search_term_string}\"},\"query-input\":{\"@type\":\"PropertyValueSpecification\",\"valueRequired\":true,\"valueName\":\"search_term_string\"}}],\"inLanguage\":\"es\"}]}<\/script>\n<!-- \/ Yoast SEO plugin. -->","yoast_head_json":{"title":"Impregnaci\u00f3n de Un Solo Punto","description":"Godfrey & Wing, siendo de la confianza de OEM\u2019s automotrices y sus proveedores, ayuda a resolver los retos de las industrias, facilitando la siguiente generaci\u00f3n de dise\u00f1o y producci\u00f3n de los veh\u00edculos el\u00e9ctricos.","robots":{"index":"index","follow":"follow","max-snippet":"max-snippet:-1","max-image-preview":"max-image-preview:large","max-video-preview":"max-video-preview:-1"},"canonical":"https:\/\/www.godfreywing.com\/es\/impregnacion-de-un-solo-punto\/","og_locale":"es_ES","og_type":"article","og_title":"Impregnaci\u00f3n de Un Solo Punto","og_description":"Godfrey & Wing, siendo de la confianza de OEM\u2019s automotrices y sus proveedores, ayuda a resolver los retos de las industrias, facilitando la siguiente generaci\u00f3n de dise\u00f1o y producci\u00f3n de los veh\u00edculos el\u00e9ctricos.","og_url":"https:\/\/www.godfreywing.com\/es\/impregnacion-de-un-solo-punto\/","og_site_name":"Godfrey \uff06 Wing","schema":{"@context":"https:\/\/schema.org","@graph":[{"@type":"WebPage","@id":"https:\/\/www.godfreywing.com\/es\/impregnacion-de-un-solo-punto\/","url":"https:\/\/www.godfreywing.com\/es\/impregnacion-de-un-solo-punto\/","name":"Impregnaci\u00f3n de Un Solo Punto","isPartOf":{"@id":"https:\/\/www.godfreywing.com\/es\/#website"},"datePublished":"2024-07-15T06:14:14+00:00","description":"Godfrey & Wing, siendo de la confianza de OEM\u2019s automotrices y sus proveedores, ayuda a resolver los retos de las industrias, facilitando la siguiente generaci\u00f3n de dise\u00f1o y producci\u00f3n de los veh\u00edculos el\u00e9ctricos.","breadcrumb":{"@id":"https:\/\/www.godfreywing.com\/es\/impregnacion-de-un-solo-punto\/#breadcrumb"},"inLanguage":"es","potentialAction":[{"@type":"ReadAction","target":["https:\/\/www.godfreywing.com\/es\/impregnacion-de-un-solo-punto\/"]}]},{"@type":"BreadcrumbList","@id":"https:\/\/www.godfreywing.com\/es\/impregnacion-de-un-solo-punto\/#breadcrumb","itemListElement":[{"@type":"ListItem","position":1,"name":"Home","item":"https:\/\/www.godfreywing.com\/es\/"},{"@type":"ListItem","position":2,"name":"Impregnaci\u00f3n de Un Solo Punto"}]},{"@type":"WebSite","@id":"https:\/\/www.godfreywing.com\/es\/#website","url":"https:\/\/www.godfreywing.com\/es\/","name":"Godfrey \uff06 Wing","description":"","potentialAction":[{"@type":"SearchAction","target":{"@type":"EntryPoint","urlTemplate":"https:\/\/www.godfreywing.com\/es\/?s={search_term_string}"},"query-input":{"@type":"PropertyValueSpecification","valueRequired":true,"valueName":"search_term_string"}}],"inLanguage":"es"}]}},"_links":{"self":[{"href":"https:\/\/www.godfreywing.com\/es\/wp-json\/wp\/v2\/pages\/7563","targetHints":{"allow":["GET"]}}],"collection":[{"href":"https:\/\/www.godfreywing.com\/es\/wp-json\/wp\/v2\/pages"}],"about":[{"href":"https:\/\/www.godfreywing.com\/es\/wp-json\/wp\/v2\/types\/page"}],"author":[{"embeddable":true,"href":"https:\/\/www.godfreywing.com\/es\/wp-json\/wp\/v2\/users\/25"}],"replies":[{"embeddable":true,"href":"https:\/\/www.godfreywing.com\/es\/wp-json\/wp\/v2\/comments?post=7563"}],"version-history":[{"count":0,"href":"https:\/\/www.godfreywing.com\/es\/wp-json\/wp\/v2\/pages\/7563\/revisions"}],"wp:attachment":[{"href":"https:\/\/www.godfreywing.com\/es\/wp-json\/wp\/v2\/media?parent=7563"}],"curies":[{"name":"wp","href":"https:\/\/api.w.org\/{rel}","templated":true}]}}