{"id":7080,"date":"2024-07-12T06:20:54","date_gmt":"2024-07-12T06:20:54","guid":{"rendered":"https:\/\/www.godfreywing.plesk.tms.thomasnet.io\/?page_id=7080"},"modified":"2025-02-17T18:44:45","modified_gmt":"2025-02-17T18:44:45","slug":"guide-to-sealing-electronics-with-vacuum-impregnation-ebook","status":"publish","type":"page","link":"https:\/\/www.godfreywing.com\/es\/ebooks\/guide-to-sealing-electronics-with-vacuum-impregnation-ebook\/","title":{"rendered":"Libro electr\u00f3nico Gu\u00eda para sellar productos electr\u00f3nicos con impregnaci\u00f3n al vac\u00edo"},"content":{"rendered":"","protected":false},"excerpt":{"rendered":"","protected":false},"author":25,"featured_media":0,"parent":6947,"menu_order":0,"comment_status":"closed","ping_status":"closed","template":"","meta":{"_acf_changed":false,"inline_featured_image":false,"footnotes":""},"class_list":["post-7080","page","type-page","status-publish","hentry"],"acf":[],"yoast_head":"<!-- This site is optimized with the Yoast SEO plugin v27.3 - https:\/\/yoast.com\/product\/yoast-seo-wordpress\/ -->\n<title>Guide to Sealing Electronics eBook landing page<\/title>\n<meta name=\"description\" content=\"Vacuum impregnation enhances part reliability by sealing porosity in castings.\" \/>\n<meta name=\"robots\" content=\"index, follow, max-snippet:-1, max-image-preview:large, max-video-preview:-1\" \/>\n<link rel=\"canonical\" href=\"https:\/\/www.godfreywing.com\/es\/ebooks\/guide-to-sealing-electronics-with-vacuum-impregnation-ebook\/\" \/>\n<meta property=\"og:locale\" content=\"es_ES\" \/>\n<meta property=\"og:type\" content=\"article\" \/>\n<meta property=\"og:title\" content=\"Guide to Sealing Electronics eBook landing page\" \/>\n<meta property=\"og:description\" content=\"Vacuum impregnation enhances part reliability by sealing porosity in castings.\" \/>\n<meta property=\"og:url\" content=\"https:\/\/www.godfreywing.com\/es\/ebooks\/guide-to-sealing-electronics-with-vacuum-impregnation-ebook\/\" \/>\n<meta property=\"og:site_name\" content=\"Godfrey \uff06 Wing\" \/>\n<meta property=\"article:modified_time\" content=\"2025-02-17T18:44:45+00:00\" \/>\n<script type=\"application\/ld+json\" class=\"yoast-schema-graph\">{\"@context\":\"https:\\\/\\\/schema.org\",\"@graph\":[{\"@type\":\"WebPage\",\"@id\":\"https:\\\/\\\/www.godfreywing.com\\\/es\\\/ebooks\\\/guide-to-sealing-electronics-with-vacuum-impregnation-ebook\\\/\",\"url\":\"https:\\\/\\\/www.godfreywing.com\\\/es\\\/ebooks\\\/guide-to-sealing-electronics-with-vacuum-impregnation-ebook\\\/\",\"name\":\"Guide to Sealing Electronics eBook landing page\",\"isPartOf\":{\"@id\":\"https:\\\/\\\/www.godfreywing.com\\\/es\\\/#website\"},\"datePublished\":\"2024-07-12T06:20:54+00:00\",\"dateModified\":\"2025-02-17T18:44:45+00:00\",\"description\":\"Vacuum impregnation enhances part reliability by sealing porosity in castings.\",\"breadcrumb\":{\"@id\":\"https:\\\/\\\/www.godfreywing.com\\\/es\\\/ebooks\\\/guide-to-sealing-electronics-with-vacuum-impregnation-ebook\\\/#breadcrumb\"},\"inLanguage\":\"es\",\"potentialAction\":[{\"@type\":\"ReadAction\",\"target\":[\"https:\\\/\\\/www.godfreywing.com\\\/es\\\/ebooks\\\/guide-to-sealing-electronics-with-vacuum-impregnation-ebook\\\/\"]}]},{\"@type\":\"BreadcrumbList\",\"@id\":\"https:\\\/\\\/www.godfreywing.com\\\/es\\\/ebooks\\\/guide-to-sealing-electronics-with-vacuum-impregnation-ebook\\\/#breadcrumb\",\"itemListElement\":[{\"@type\":\"ListItem\",\"position\":1,\"name\":\"Home\",\"item\":\"https:\\\/\\\/www.godfreywing.com\\\/es\\\/\"},{\"@type\":\"ListItem\",\"position\":2,\"name\":\"Libros electr\u00f3nicos\",\"item\":\"https:\\\/\\\/www.godfreywing.com\\\/es\\\/ebooks\\\/\"},{\"@type\":\"ListItem\",\"position\":3,\"name\":\"Libro electr\u00f3nico Gu\u00eda para sellar productos electr\u00f3nicos con impregnaci\u00f3n al vac\u00edo\"}]},{\"@type\":\"WebSite\",\"@id\":\"https:\\\/\\\/www.godfreywing.com\\\/es\\\/#website\",\"url\":\"https:\\\/\\\/www.godfreywing.com\\\/es\\\/\",\"name\":\"Godfrey \uff06 Wing\",\"description\":\"\",\"potentialAction\":[{\"@type\":\"SearchAction\",\"target\":{\"@type\":\"EntryPoint\",\"urlTemplate\":\"https:\\\/\\\/www.godfreywing.com\\\/es\\\/?s={search_term_string}\"},\"query-input\":{\"@type\":\"PropertyValueSpecification\",\"valueRequired\":true,\"valueName\":\"search_term_string\"}}],\"inLanguage\":\"es\"}]}<\/script>\n<!-- \/ Yoast SEO plugin. -->","yoast_head_json":{"title":"Guide to Sealing Electronics eBook landing page","description":"Vacuum impregnation enhances part reliability by sealing porosity in castings.","robots":{"index":"index","follow":"follow","max-snippet":"max-snippet:-1","max-image-preview":"max-image-preview:large","max-video-preview":"max-video-preview:-1"},"canonical":"https:\/\/www.godfreywing.com\/es\/ebooks\/guide-to-sealing-electronics-with-vacuum-impregnation-ebook\/","og_locale":"es_ES","og_type":"article","og_title":"Guide to Sealing Electronics eBook landing page","og_description":"Vacuum impregnation enhances part reliability by sealing porosity in castings.","og_url":"https:\/\/www.godfreywing.com\/es\/ebooks\/guide-to-sealing-electronics-with-vacuum-impregnation-ebook\/","og_site_name":"Godfrey \uff06 Wing","article_modified_time":"2025-02-17T18:44:45+00:00","schema":{"@context":"https:\/\/schema.org","@graph":[{"@type":"WebPage","@id":"https:\/\/www.godfreywing.com\/es\/ebooks\/guide-to-sealing-electronics-with-vacuum-impregnation-ebook\/","url":"https:\/\/www.godfreywing.com\/es\/ebooks\/guide-to-sealing-electronics-with-vacuum-impregnation-ebook\/","name":"Guide to Sealing Electronics eBook landing page","isPartOf":{"@id":"https:\/\/www.godfreywing.com\/es\/#website"},"datePublished":"2024-07-12T06:20:54+00:00","dateModified":"2025-02-17T18:44:45+00:00","description":"Vacuum impregnation enhances part reliability by sealing porosity in castings.","breadcrumb":{"@id":"https:\/\/www.godfreywing.com\/es\/ebooks\/guide-to-sealing-electronics-with-vacuum-impregnation-ebook\/#breadcrumb"},"inLanguage":"es","potentialAction":[{"@type":"ReadAction","target":["https:\/\/www.godfreywing.com\/es\/ebooks\/guide-to-sealing-electronics-with-vacuum-impregnation-ebook\/"]}]},{"@type":"BreadcrumbList","@id":"https:\/\/www.godfreywing.com\/es\/ebooks\/guide-to-sealing-electronics-with-vacuum-impregnation-ebook\/#breadcrumb","itemListElement":[{"@type":"ListItem","position":1,"name":"Home","item":"https:\/\/www.godfreywing.com\/es\/"},{"@type":"ListItem","position":2,"name":"Libros electr\u00f3nicos","item":"https:\/\/www.godfreywing.com\/es\/ebooks\/"},{"@type":"ListItem","position":3,"name":"Libro electr\u00f3nico Gu\u00eda para sellar productos electr\u00f3nicos con impregnaci\u00f3n al vac\u00edo"}]},{"@type":"WebSite","@id":"https:\/\/www.godfreywing.com\/es\/#website","url":"https:\/\/www.godfreywing.com\/es\/","name":"Godfrey \uff06 Wing","description":"","potentialAction":[{"@type":"SearchAction","target":{"@type":"EntryPoint","urlTemplate":"https:\/\/www.godfreywing.com\/es\/?s={search_term_string}"},"query-input":{"@type":"PropertyValueSpecification","valueRequired":true,"valueName":"search_term_string"}}],"inLanguage":"es"}]}},"_links":{"self":[{"href":"https:\/\/www.godfreywing.com\/es\/wp-json\/wp\/v2\/pages\/7080","targetHints":{"allow":["GET"]}}],"collection":[{"href":"https:\/\/www.godfreywing.com\/es\/wp-json\/wp\/v2\/pages"}],"about":[{"href":"https:\/\/www.godfreywing.com\/es\/wp-json\/wp\/v2\/types\/page"}],"author":[{"embeddable":true,"href":"https:\/\/www.godfreywing.com\/es\/wp-json\/wp\/v2\/users\/25"}],"replies":[{"embeddable":true,"href":"https:\/\/www.godfreywing.com\/es\/wp-json\/wp\/v2\/comments?post=7080"}],"version-history":[{"count":1,"href":"https:\/\/www.godfreywing.com\/es\/wp-json\/wp\/v2\/pages\/7080\/revisions"}],"predecessor-version":[{"id":8523,"href":"https:\/\/www.godfreywing.com\/es\/wp-json\/wp\/v2\/pages\/7080\/revisions\/8523"}],"up":[{"embeddable":true,"href":"https:\/\/www.godfreywing.com\/es\/wp-json\/wp\/v2\/pages\/6947"}],"wp:attachment":[{"href":"https:\/\/www.godfreywing.com\/es\/wp-json\/wp\/v2\/media?parent=7080"}],"curies":[{"name":"wp","href":"https:\/\/api.w.org\/{rel}","templated":true}]}}