{"id":7062,"date":"2024-07-11T12:37:30","date_gmt":"2024-07-11T12:37:30","guid":{"rendered":"https:\/\/www.godfreywing.plesk.tms.thomasnet.io\/?page_id=7062"},"modified":"2024-07-16T09:05:14","modified_gmt":"2024-07-16T09:05:14","slug":"sellador-anaerobico","status":"publish","type":"page","link":"https:\/\/www.godfreywing.com\/es\/sellador-anaerobico\/","title":{"rendered":"Sellador Anaer\u00f3bico"},"content":{"rendered":"<p>Los selladores anaer\u00f3bicos son ideales para metales sinterizados y componentes el\u00e9ctricos de pl\u00e1stico con insertos met\u00e1licos. Debido a que curan a temperatura ambiente (sin necesidad de calor) son ideales para impregnar componentes constituidos de diferentes materiales con coeficientes de dilataci\u00f3n t\u00e9rmica distintos. Estos selladores son \u00f3ptimos para el proceso WV (de vac\u00edo h\u00famedo, por sus siglas en ingl\u00e9s).<\/p>\n\n<table id=\"tablepress-18\" class=\"tablepress tablepress-id-18\">\n<thead>\n<tr class=\"row-1\">\n\t<td class=\"column-1\"><\/td><th class=\"column-2\">95-1000AC<\/th><th class=\"column-3\">95-1000ACP<\/th><th class=\"column-4\">Elecflex 440<\/th><th class=\"column-5\">Elecflex 330<\/th><th class=\"column-6\">ElecflexFP<\/th>\n<\/tr>\n<\/thead>\n<tbody class=\"row-striping row-hover\">\n<tr class=\"row-2\">\n\t<td class=\"column-1\"><strong>Prop\u00f3sito general<\/strong><\/td><td class=\"column-2\">Piezas fundidas<\/td><td class=\"column-3\">Metal en polvo<\/td><td class=\"column-4\">Electr\u00f3nica<\/td><td class=\"column-5\">Componentes de suministro de combustible<\/td><td class=\"column-6\">Resistente al fuego<\/td>\n<\/tr>\n<tr class=\"row-3\">\n\t<td class=\"column-1\"><strong>Dureza, Orilla D<\/strong><\/td><td class=\"column-2\">\u00a079<\/td><td class=\"column-3\">83<\/td><td class=\"column-4\">52<\/td><td class=\"column-5\">70<\/td><td class=\"column-6\">50<\/td>\n<\/tr>\n<tr class=\"row-4\">\n\t<td class=\"column-1\"><strong>Densidad<\/strong><\/td><td class=\"column-2\">1.21 gms\/cc @\u00a072\u00b0F (22\u00b0C)<\/td><td class=\"column-3\">1.22 gms\/cc @\u00a072\u00b0F (22\u00b0C)<\/td><td class=\"column-4\">1.06 gms\/cc @\u00a072\u00b0F (22\u00b0C)<\/td><td class=\"column-5\">n\/a<\/td><td class=\"column-6\">n\/a<\/td>\n<\/tr>\n<tr class=\"row-5\">\n\t<td class=\"column-1\"><strong>Coeficiente de expansi\u00f3n termal<\/strong><\/td><td class=\"column-2\">2.5 x10<sup>-4<\/sup>\u00a0in\/in\/in\u00a0\u00b0C<\/td><td class=\"column-3\">2.8 x10<sup>-4<\/sup>\u00a0in\/in\/in\u00a0\u00b0C<\/td><td class=\"column-4\">1.52x10<sup>-4<\/sup>\u00a0in\/in\/in\u00a0\u00b0C<\/td><td class=\"column-5\">2.5 x10<sup>-4<\/sup>\u00a0in\/in\/in\u00a0\u00b0C<\/td><td class=\"column-6\">n\/a<\/td>\n<\/tr>\n<tr class=\"row-6\">\n\t<td class=\"column-1\"><strong>Fuerza compresiva<\/strong><\/td><td class=\"column-2\">9,668 psi<\/td><td class=\"column-3\">10,275 psi<\/td><td class=\"column-4\">3,339 psi<\/td><td class=\"column-5\">n\/a<\/td><td class=\"column-6\">n\/a<\/td>\n<\/tr>\n<tr class=\"row-7\">\n\t<td class=\"column-1\"><strong>M\u00f3dulo de compresi\u00f3n<\/strong><\/td><td class=\"column-2\">38,672 psi<\/td><td class=\"column-3\">146,786 psi<\/td><td class=\"column-4\">5,757 psi<\/td><td class=\"column-5\">n\/a<\/td><td class=\"column-6\">n\/a<\/td>\n<\/tr>\n<tr class=\"row-8\">\n\t<td class=\"column-1\"><strong>Temperatura de funcionamiento<\/strong><\/td><td class=\"column-2\">-40\u00b0F to 401\u00b0F (-40\u00b0C to 205\u00b0C)<\/td><td class=\"column-3\">-40\u00b0F to 401\u00b0F (-40\u00b0C to 205\u00b0C)<\/td><td class=\"column-4\">\u00a0n\/a<\/td><td class=\"column-5\">n\/a<\/td><td class=\"column-6\">-51\u00b0F to 401\u00b0F (-46\u00b0C to 205\u00b0C)<\/td>\n<\/tr>\n<\/tbody>\n<\/table>\n<!-- #tablepress-18 from cache -->\n","protected":false},"excerpt":{"rendered":"<p>Los selladores anaer\u00f3bicos son ideales para metales sinterizados y componentes el\u00e9ctricos de pl\u00e1stico con insertos met\u00e1licos. Debido a que curan a temperatura ambiente (sin necesidad de calor) son ideales para impregnar componentes constituidos de diferentes materiales con coeficientes de dilataci\u00f3n t\u00e9rmica distintos. Estos selladores son \u00f3ptimos para el proceso WV (de vac\u00edo h\u00famedo, por sus [&hellip;]<\/p>\n","protected":false},"author":25,"featured_media":0,"parent":0,"menu_order":0,"comment_status":"closed","ping_status":"closed","template":"","meta":{"_acf_changed":false,"inline_featured_image":false,"footnotes":""},"class_list":["post-7062","page","type-page","status-publish","hentry"],"acf":[],"yoast_head":"<!-- This site is optimized with the Yoast SEO plugin v27.5 - https:\/\/yoast.com\/product\/yoast-seo-wordpress\/ -->\n<title>Sellador Anaer\u00f3bico<\/title>\n<meta name=\"description\" content=\"Los selladores anaer\u00f3bicos son ideales para metales sinterizados y componentes el\u00e9ctricos de pl\u00e1stico con insertos met\u00e1licos.\" \/>\n<meta name=\"robots\" content=\"index, follow, max-snippet:-1, max-image-preview:large, max-video-preview:-1\" \/>\n<link rel=\"canonical\" href=\"https:\/\/www.godfreywing.com\/es\/sellador-anaerobico\/\" \/>\n<meta property=\"og:locale\" content=\"es_ES\" \/>\n<meta property=\"og:type\" content=\"article\" \/>\n<meta property=\"og:title\" content=\"Sellador Anaer\u00f3bico\" \/>\n<meta property=\"og:description\" content=\"Los selladores anaer\u00f3bicos son ideales para metales sinterizados y componentes el\u00e9ctricos de pl\u00e1stico con insertos met\u00e1licos.\" \/>\n<meta property=\"og:url\" content=\"https:\/\/www.godfreywing.com\/es\/sellador-anaerobico\/\" \/>\n<meta property=\"og:site_name\" content=\"Godfrey \uff06 Wing\" \/>\n<meta property=\"article:modified_time\" content=\"2024-07-16T09:05:14+00:00\" \/>\n<meta name=\"twitter:label1\" content=\"Tiempo de lectura\" \/>\n\t<meta name=\"twitter:data1\" content=\"1 minuto\" \/>\n<script type=\"application\/ld+json\" class=\"yoast-schema-graph\">{\"@context\":\"https:\\\/\\\/schema.org\",\"@graph\":[{\"@type\":\"WebPage\",\"@id\":\"https:\\\/\\\/www.godfreywing.com\\\/es\\\/sellador-anaerobico\\\/\",\"url\":\"https:\\\/\\\/www.godfreywing.com\\\/es\\\/sellador-anaerobico\\\/\",\"name\":\"Sellador Anaer\u00f3bico\",\"isPartOf\":{\"@id\":\"https:\\\/\\\/www.godfreywing.com\\\/es\\\/#website\"},\"datePublished\":\"2024-07-11T12:37:30+00:00\",\"dateModified\":\"2024-07-16T09:05:14+00:00\",\"description\":\"Los selladores anaer\u00f3bicos son ideales para metales sinterizados y componentes el\u00e9ctricos de pl\u00e1stico con insertos met\u00e1licos.\",\"breadcrumb\":{\"@id\":\"https:\\\/\\\/www.godfreywing.com\\\/es\\\/sellador-anaerobico\\\/#breadcrumb\"},\"inLanguage\":\"es\",\"potentialAction\":[{\"@type\":\"ReadAction\",\"target\":[\"https:\\\/\\\/www.godfreywing.com\\\/es\\\/sellador-anaerobico\\\/\"]}]},{\"@type\":\"BreadcrumbList\",\"@id\":\"https:\\\/\\\/www.godfreywing.com\\\/es\\\/sellador-anaerobico\\\/#breadcrumb\",\"itemListElement\":[{\"@type\":\"ListItem\",\"position\":1,\"name\":\"Home\",\"item\":\"https:\\\/\\\/www.godfreywing.com\\\/es\\\/\"},{\"@type\":\"ListItem\",\"position\":2,\"name\":\"Sellador Anaer\u00f3bico\"}]},{\"@type\":\"WebSite\",\"@id\":\"https:\\\/\\\/www.godfreywing.com\\\/es\\\/#website\",\"url\":\"https:\\\/\\\/www.godfreywing.com\\\/es\\\/\",\"name\":\"Godfrey \uff06 Wing\",\"description\":\"\",\"potentialAction\":[{\"@type\":\"SearchAction\",\"target\":{\"@type\":\"EntryPoint\",\"urlTemplate\":\"https:\\\/\\\/www.godfreywing.com\\\/es\\\/?s={search_term_string}\"},\"query-input\":{\"@type\":\"PropertyValueSpecification\",\"valueRequired\":true,\"valueName\":\"search_term_string\"}}],\"inLanguage\":\"es\"}]}<\/script>\n<!-- \/ Yoast SEO plugin. -->","yoast_head_json":{"title":"Sellador Anaer\u00f3bico","description":"Los selladores anaer\u00f3bicos son ideales para metales sinterizados y componentes el\u00e9ctricos de pl\u00e1stico con insertos met\u00e1licos.","robots":{"index":"index","follow":"follow","max-snippet":"max-snippet:-1","max-image-preview":"max-image-preview:large","max-video-preview":"max-video-preview:-1"},"canonical":"https:\/\/www.godfreywing.com\/es\/sellador-anaerobico\/","og_locale":"es_ES","og_type":"article","og_title":"Sellador Anaer\u00f3bico","og_description":"Los selladores anaer\u00f3bicos son ideales para metales sinterizados y componentes el\u00e9ctricos de pl\u00e1stico con insertos met\u00e1licos.","og_url":"https:\/\/www.godfreywing.com\/es\/sellador-anaerobico\/","og_site_name":"Godfrey \uff06 Wing","article_modified_time":"2024-07-16T09:05:14+00:00","twitter_misc":{"Tiempo de lectura":"1 minuto"},"schema":{"@context":"https:\/\/schema.org","@graph":[{"@type":"WebPage","@id":"https:\/\/www.godfreywing.com\/es\/sellador-anaerobico\/","url":"https:\/\/www.godfreywing.com\/es\/sellador-anaerobico\/","name":"Sellador Anaer\u00f3bico","isPartOf":{"@id":"https:\/\/www.godfreywing.com\/es\/#website"},"datePublished":"2024-07-11T12:37:30+00:00","dateModified":"2024-07-16T09:05:14+00:00","description":"Los selladores anaer\u00f3bicos son ideales para metales sinterizados y componentes el\u00e9ctricos de pl\u00e1stico con insertos met\u00e1licos.","breadcrumb":{"@id":"https:\/\/www.godfreywing.com\/es\/sellador-anaerobico\/#breadcrumb"},"inLanguage":"es","potentialAction":[{"@type":"ReadAction","target":["https:\/\/www.godfreywing.com\/es\/sellador-anaerobico\/"]}]},{"@type":"BreadcrumbList","@id":"https:\/\/www.godfreywing.com\/es\/sellador-anaerobico\/#breadcrumb","itemListElement":[{"@type":"ListItem","position":1,"name":"Home","item":"https:\/\/www.godfreywing.com\/es\/"},{"@type":"ListItem","position":2,"name":"Sellador Anaer\u00f3bico"}]},{"@type":"WebSite","@id":"https:\/\/www.godfreywing.com\/es\/#website","url":"https:\/\/www.godfreywing.com\/es\/","name":"Godfrey \uff06 Wing","description":"","potentialAction":[{"@type":"SearchAction","target":{"@type":"EntryPoint","urlTemplate":"https:\/\/www.godfreywing.com\/es\/?s={search_term_string}"},"query-input":{"@type":"PropertyValueSpecification","valueRequired":true,"valueName":"search_term_string"}}],"inLanguage":"es"}]}},"_links":{"self":[{"href":"https:\/\/www.godfreywing.com\/es\/wp-json\/wp\/v2\/pages\/7062","targetHints":{"allow":["GET"]}}],"collection":[{"href":"https:\/\/www.godfreywing.com\/es\/wp-json\/wp\/v2\/pages"}],"about":[{"href":"https:\/\/www.godfreywing.com\/es\/wp-json\/wp\/v2\/types\/page"}],"author":[{"embeddable":true,"href":"https:\/\/www.godfreywing.com\/es\/wp-json\/wp\/v2\/users\/25"}],"replies":[{"embeddable":true,"href":"https:\/\/www.godfreywing.com\/es\/wp-json\/wp\/v2\/comments?post=7062"}],"version-history":[{"count":0,"href":"https:\/\/www.godfreywing.com\/es\/wp-json\/wp\/v2\/pages\/7062\/revisions"}],"wp:attachment":[{"href":"https:\/\/www.godfreywing.com\/es\/wp-json\/wp\/v2\/media?parent=7062"}],"curies":[{"name":"wp","href":"https:\/\/api.w.org\/{rel}","templated":true}]}}