{"id":6985,"date":"2024-07-11T10:37:01","date_gmt":"2024-07-11T10:37:01","guid":{"rendered":"https:\/\/www.godfreywing.plesk.tms.thomasnet.io\/?page_id=6985"},"modified":"2024-07-19T13:13:32","modified_gmt":"2024-07-19T13:13:32","slug":"terms-of-service","status":"publish","type":"page","link":"https:\/\/www.godfreywing.com\/es\/terminos-de-servicio\/","title":{"rendered":"T\u00e9rminos de servicio"},"content":{"rendered":"<p>\u00daltima actualizaci\u00f3n:\u00a0<strong>03 de junio de 2024<\/strong><\/p>\n<p>Lea atentamente estos T\u00e9rminos de uso (\u00abT\u00e9rminos\u00bb, \u00abT\u00e9rminos de uso\u00bb) antes de utilizar el sitio web\u00a0<a href=\"\/es\/\">www.godfreywing.com<\/a>\u00a0(el \u00abServicio\u00bb) operado por\u00a0<strong> Godfrey &#038; Wing<\/strong>\u00a0(\u201cnosotros\u201d, \u201cnosotros\u201d o \u201cnuestro\u201d).<\/p>\n<p>Su acceso y uso del Servicio est\u00e1 condicionado a su aceptaci\u00f3n y cumplimiento de estos T\u00e9rminos. Estos T\u00e9rminos se aplican a todos los visitantes, usuarios y otras personas que acceden o utilizan el Servicio.<\/p>\n<p>Al acceder o utilizar el Servicio, usted acepta estar sujeto a estos T\u00e9rminos. Si no est\u00e1 de acuerdo con alguna parte de los t\u00e9rminos, no podr\u00e1 acceder al Servicio.<\/p>\n<h2>Propiedad intelectual<\/h2>\n<p>El Servicio y su contenido, caracter\u00edsticas y funcionalidades originales son y seguir\u00e1n siendo propiedad exclusiva de\u00a0<strong>Godfrey &#038; Wing<\/strong>\u00a0y sus licenciantes.<\/p>\n<h2>Enlaces a otros sitios web<\/h2>\n<p>Nuestro Servicio puede contener enlaces a sitios web o servicios de terceros que no son propiedad ni est\u00e1n controlados por\u00a0<strong>Godfrey &#038; Wing<\/strong>.<\/p>\n<p><strong>Godfrey &#038; Wing<\/strong>\u00a0no tiene control ni asume ninguna responsabilidad por el contenido, las pol\u00edticas de privacidad o las pr\u00e1cticas de los sitios web o servicios de terceros. Adem\u00e1s, reconoce y acepta que\u00a0<strong>Godfrey &#038; Wing<\/strong>\u00a0no ser\u00e1 responsable, directa o indirectamente, de ning\u00fan da\u00f1o o p\u00e9rdida causados \u200b\u200bo presuntamente causados \u200b\u200bpor o en conexi\u00f3n con el uso o la confianza en dichos contenido, bienes o servicios disponibles en o a trav\u00e9s de dichos sitios web o servicios.<\/p>\n<p>Le recomendamos encarecidamente que lea los t\u00e9rminos y condiciones y las pol\u00edticas de privacidad de cualquier sitio web o servicio de terceros que visite.<\/p>\n<h2>Terminaci\u00f3n<\/h2>\n<p>Podemos cancelar o suspender el acceso a nuestro Servicio inmediatamente, sin previo aviso ni responsabilidad, por cualquier motivo, incluido, entre otros, si usted incumple los T\u00e9rminos.<\/p>\n<p>Todas las disposiciones de los T\u00e9rminos que, por su naturaleza, deber\u00edan sobrevivir a la terminaci\u00f3n seguir\u00e1n vigentes, incluidas, entre otras, las disposiciones de propiedad, las exenciones de garant\u00eda, la indemnizaci\u00f3n y las limitaciones de responsabilidad.<\/p>\n<h2>Descargo de responsabilidad<\/h2>\n<p>Su uso del Servicio es bajo su propio riesgo. El Servicio se proporciona \u00abTAL CUAL\u00bb y \u00abSEG\u00daN DISPONIBILIDAD\u00bb. El Servicio se proporciona sin garant\u00edas de ning\u00fan tipo, ya sean expresas o impl\u00edcitas, incluidas, entre otras, garant\u00edas impl\u00edcitas de comerciabilidad, idoneidad para un prop\u00f3sito particular, no infracci\u00f3n o curso de desempe\u00f1o.<\/p>\n<h2>Ley aplicable<\/h2>\n<p>Estos T\u00e9rminos se regir\u00e1n e interpretar\u00e1n de acuerdo con las leyes de los Estados Unidos sin tener en cuenta sus disposiciones sobre conflicto de leyes.<\/p>\n<p>Nuestra incapacidad para hacer cumplir cualquier derecho o disposici\u00f3n de estos T\u00e9rminos no se considerar\u00e1 una renuncia a esos derechos. Si un tribunal considera que alguna disposici\u00f3n de estos T\u00e9rminos es inv\u00e1lida o inaplicable, las disposiciones restantes de estos T\u00e9rminos seguir\u00e1n vigentes. Estos T\u00e9rminos constituyen el acuerdo completo entre nosotros con respecto a nuestro Servicio y reemplazan y reemplazan cualquier acuerdo anterior que podamos tener entre nosotros con respecto al Servicio.<\/p>\n<h2>Cambios<\/h2>\n<p>Nos reservamos el derecho, a nuestro exclusivo criterio, de modificar o reemplazar estos T\u00e9rminos en cualquier momento. Si una revisi\u00f3n es importante, intentaremos avisar con al menos 30 d\u00edas de antelaci\u00f3n a la entrada en vigor de los nuevos t\u00e9rminos. Lo que constituye un cambio material se determinar\u00e1 a nuestro exclusivo criterio.<\/p>\n<p>Al continuar accediendo o utilizando nuestro Servicio despu\u00e9s de que esas revisiones entren en vigencia, usted acepta estar sujeto a los t\u00e9rminos revisados. Si no est\u00e1 de acuerdo con los nuevos t\u00e9rminos, deje de utilizar el Servicio.<\/p>\n<h2>Cont\u00e1ctenos<\/h2>\n<p>Si tiene alguna pregunta sobre estos T\u00e9rminos,\u00a0<a href=\"\/es\/contactanos\/\">p\u00f3ngase en contacto con nosotros<\/a>.<\/p>\n","protected":false},"excerpt":{"rendered":"<p>\u00daltima actualizaci\u00f3n:\u00a003 de junio de 2024 Lea atentamente estos T\u00e9rminos de uso (\u00abT\u00e9rminos\u00bb, \u00abT\u00e9rminos de uso\u00bb) antes de utilizar el sitio web\u00a0www.godfreywing.com\u00a0(el \u00abServicio\u00bb) operado por\u00a0 Godfrey &#038; Wing\u00a0(\u201cnosotros\u201d, \u201cnosotros\u201d o \u201cnuestro\u201d). Su acceso y uso del Servicio est\u00e1 condicionado a su aceptaci\u00f3n y cumplimiento de estos T\u00e9rminos. Estos T\u00e9rminos se aplican a todos los visitantes, [&hellip;]<\/p>\n","protected":false},"author":25,"featured_media":0,"parent":0,"menu_order":0,"comment_status":"closed","ping_status":"closed","template":"","meta":{"_acf_changed":false,"inline_featured_image":false,"footnotes":""},"class_list":["post-6985","page","type-page","status-publish","hentry"],"acf":[],"yoast_head":"<!-- This site is optimized with the Yoast SEO plugin v27.3 - https:\/\/yoast.com\/product\/yoast-seo-wordpress\/ -->\n<title>T\u00e9rminos de servicio - Godfrey \uff06 Wing<\/title>\n<meta name=\"robots\" content=\"index, follow, max-snippet:-1, max-image-preview:large, max-video-preview:-1\" \/>\n<link rel=\"canonical\" href=\"https:\/\/www.godfreywing.com\/es\/terminos-de-servicio\/\" \/>\n<meta property=\"og:locale\" content=\"es_ES\" \/>\n<meta property=\"og:type\" content=\"article\" \/>\n<meta property=\"og:title\" content=\"T\u00e9rminos de servicio - Godfrey \uff06 Wing\" \/>\n<meta property=\"og:description\" content=\"\u00daltima actualizaci\u00f3n:\u00a003 de junio de 2024 Lea atentamente estos T\u00e9rminos de uso (\u00abT\u00e9rminos\u00bb, \u00abT\u00e9rminos de uso\u00bb) antes de utilizar el sitio web\u00a0www.godfreywing.com\u00a0(el \u00abServicio\u00bb) operado por\u00a0 Godfrey &#038; Wing\u00a0(\u201cnosotros\u201d, \u201cnosotros\u201d o \u201cnuestro\u201d). Su acceso y uso del Servicio est\u00e1 condicionado a su aceptaci\u00f3n y cumplimiento de estos T\u00e9rminos. Estos T\u00e9rminos se aplican a todos los visitantes, [&hellip;]\" \/>\n<meta property=\"og:url\" content=\"https:\/\/www.godfreywing.com\/es\/terminos-de-servicio\/\" \/>\n<meta property=\"og:site_name\" content=\"Godfrey \uff06 Wing\" \/>\n<meta property=\"article:modified_time\" content=\"2024-07-19T13:13:32+00:00\" \/>\n<meta name=\"twitter:label1\" content=\"Tiempo de lectura\" \/>\n\t<meta name=\"twitter:data1\" content=\"3 minutos\" \/>\n<script type=\"application\/ld+json\" class=\"yoast-schema-graph\">{\"@context\":\"https:\\\/\\\/schema.org\",\"@graph\":[{\"@type\":\"WebPage\",\"@id\":\"https:\\\/\\\/www.godfreywing.com\\\/es\\\/terminos-de-servicio\\\/\",\"url\":\"https:\\\/\\\/www.godfreywing.com\\\/es\\\/terminos-de-servicio\\\/\",\"name\":\"T\u00e9rminos de servicio - Godfrey \uff06 Wing\",\"isPartOf\":{\"@id\":\"https:\\\/\\\/www.godfreywing.com\\\/es\\\/#website\"},\"datePublished\":\"2024-07-11T10:37:01+00:00\",\"dateModified\":\"2024-07-19T13:13:32+00:00\",\"breadcrumb\":{\"@id\":\"https:\\\/\\\/www.godfreywing.com\\\/es\\\/terminos-de-servicio\\\/#breadcrumb\"},\"inLanguage\":\"es\",\"potentialAction\":[{\"@type\":\"ReadAction\",\"target\":[\"https:\\\/\\\/www.godfreywing.com\\\/es\\\/terminos-de-servicio\\\/\"]}]},{\"@type\":\"BreadcrumbList\",\"@id\":\"https:\\\/\\\/www.godfreywing.com\\\/es\\\/terminos-de-servicio\\\/#breadcrumb\",\"itemListElement\":[{\"@type\":\"ListItem\",\"position\":1,\"name\":\"Home\",\"item\":\"https:\\\/\\\/www.godfreywing.com\\\/es\\\/\"},{\"@type\":\"ListItem\",\"position\":2,\"name\":\"T\u00e9rminos de servicio\"}]},{\"@type\":\"WebSite\",\"@id\":\"https:\\\/\\\/www.godfreywing.com\\\/es\\\/#website\",\"url\":\"https:\\\/\\\/www.godfreywing.com\\\/es\\\/\",\"name\":\"Godfrey \uff06 Wing\",\"description\":\"\",\"potentialAction\":[{\"@type\":\"SearchAction\",\"target\":{\"@type\":\"EntryPoint\",\"urlTemplate\":\"https:\\\/\\\/www.godfreywing.com\\\/es\\\/?s={search_term_string}\"},\"query-input\":{\"@type\":\"PropertyValueSpecification\",\"valueRequired\":true,\"valueName\":\"search_term_string\"}}],\"inLanguage\":\"es\"}]}<\/script>\n<!-- \/ Yoast SEO plugin. -->","yoast_head_json":{"title":"T\u00e9rminos de servicio - Godfrey \uff06 Wing","robots":{"index":"index","follow":"follow","max-snippet":"max-snippet:-1","max-image-preview":"max-image-preview:large","max-video-preview":"max-video-preview:-1"},"canonical":"https:\/\/www.godfreywing.com\/es\/terminos-de-servicio\/","og_locale":"es_ES","og_type":"article","og_title":"T\u00e9rminos de servicio - Godfrey \uff06 Wing","og_description":"\u00daltima actualizaci\u00f3n:\u00a003 de junio de 2024 Lea atentamente estos T\u00e9rminos de uso (\u00abT\u00e9rminos\u00bb, \u00abT\u00e9rminos de uso\u00bb) antes de utilizar el sitio web\u00a0www.godfreywing.com\u00a0(el \u00abServicio\u00bb) operado por\u00a0 Godfrey &#038; Wing\u00a0(\u201cnosotros\u201d, \u201cnosotros\u201d o \u201cnuestro\u201d). Su acceso y uso del Servicio est\u00e1 condicionado a su aceptaci\u00f3n y cumplimiento de estos T\u00e9rminos. Estos T\u00e9rminos se aplican a todos los visitantes, [&hellip;]","og_url":"https:\/\/www.godfreywing.com\/es\/terminos-de-servicio\/","og_site_name":"Godfrey \uff06 Wing","article_modified_time":"2024-07-19T13:13:32+00:00","twitter_misc":{"Tiempo de lectura":"3 minutos"},"schema":{"@context":"https:\/\/schema.org","@graph":[{"@type":"WebPage","@id":"https:\/\/www.godfreywing.com\/es\/terminos-de-servicio\/","url":"https:\/\/www.godfreywing.com\/es\/terminos-de-servicio\/","name":"T\u00e9rminos de servicio - Godfrey \uff06 Wing","isPartOf":{"@id":"https:\/\/www.godfreywing.com\/es\/#website"},"datePublished":"2024-07-11T10:37:01+00:00","dateModified":"2024-07-19T13:13:32+00:00","breadcrumb":{"@id":"https:\/\/www.godfreywing.com\/es\/terminos-de-servicio\/#breadcrumb"},"inLanguage":"es","potentialAction":[{"@type":"ReadAction","target":["https:\/\/www.godfreywing.com\/es\/terminos-de-servicio\/"]}]},{"@type":"BreadcrumbList","@id":"https:\/\/www.godfreywing.com\/es\/terminos-de-servicio\/#breadcrumb","itemListElement":[{"@type":"ListItem","position":1,"name":"Home","item":"https:\/\/www.godfreywing.com\/es\/"},{"@type":"ListItem","position":2,"name":"T\u00e9rminos de servicio"}]},{"@type":"WebSite","@id":"https:\/\/www.godfreywing.com\/es\/#website","url":"https:\/\/www.godfreywing.com\/es\/","name":"Godfrey \uff06 Wing","description":"","potentialAction":[{"@type":"SearchAction","target":{"@type":"EntryPoint","urlTemplate":"https:\/\/www.godfreywing.com\/es\/?s={search_term_string}"},"query-input":{"@type":"PropertyValueSpecification","valueRequired":true,"valueName":"search_term_string"}}],"inLanguage":"es"}]}},"_links":{"self":[{"href":"https:\/\/www.godfreywing.com\/es\/wp-json\/wp\/v2\/pages\/6985","targetHints":{"allow":["GET"]}}],"collection":[{"href":"https:\/\/www.godfreywing.com\/es\/wp-json\/wp\/v2\/pages"}],"about":[{"href":"https:\/\/www.godfreywing.com\/es\/wp-json\/wp\/v2\/types\/page"}],"author":[{"embeddable":true,"href":"https:\/\/www.godfreywing.com\/es\/wp-json\/wp\/v2\/users\/25"}],"replies":[{"embeddable":true,"href":"https:\/\/www.godfreywing.com\/es\/wp-json\/wp\/v2\/comments?post=6985"}],"version-history":[{"count":0,"href":"https:\/\/www.godfreywing.com\/es\/wp-json\/wp\/v2\/pages\/6985\/revisions"}],"wp:attachment":[{"href":"https:\/\/www.godfreywing.com\/es\/wp-json\/wp\/v2\/media?parent=6985"}],"curies":[{"name":"wp","href":"https:\/\/api.w.org\/{rel}","templated":true}]}}