{"id":6902,"date":"2024-07-10T14:21:37","date_gmt":"2024-07-10T14:21:37","guid":{"rendered":"https:\/\/www.godfreywing.plesk.tms.thomasnet.io\/?page_id=6902"},"modified":"2024-07-17T05:34:55","modified_gmt":"2024-07-17T05:34:55","slug":"privacy-policy","status":"publish","type":"page","link":"https:\/\/www.godfreywing.com\/es\/politica-de-privacidad\/","title":{"rendered":"pol\u00edtica de privacidad"},"content":{"rendered":"<p>\u00daltima actualizaci\u00f3n: <strong>03 de junio de 2024<\/strong><\/p>\n<p><strong>Godfrey &#038; Wing<\/strong> (\u201cnosotros\u201d, \u201ca nosotros\u201d o \u201cnuestro\u201d) opera el sitio web de <strong>Godfrey &#038; Wing<\/strong> (el \u201cServicio\u201d).<\/p>\n<p>Esta p\u00e1gina le informa sobre nuestras pol\u00edticas con respecto a la recopilaci\u00f3n, uso y divulgaci\u00f3n de Informaci\u00f3n personal cuando utiliza nuestro Servicio.<\/p>\n<p>No usaremos ni compartiremos su informaci\u00f3n con nadie excepto como se describe en esta Pol\u00edtica de Privacidad.<\/p>\n<p>Utilizamos su informaci\u00f3n personal para proporcionar y mejorar el Servicio. Al utilizar el Servicio, usted acepta la recopilaci\u00f3n y el uso de informaci\u00f3n de acuerdo con esta pol\u00edtica. A menos que se defina lo contrario en esta Pol\u00edtica de Privacidad, los t\u00e9rminos utilizados en esta Pol\u00edtica de Privacidad tienen el mismo significado que en nuestros T\u00e9rminos y Condiciones, accesibles en <a href=\"\/es\/\">www.godfreywing.com<\/a><\/p>\n<h2>Recopilaci\u00f3n y uso de informaci\u00f3n<\/h2>\n<p>Mientras utiliza nuestro Servicio, es posible que le solicitemos que nos proporcione cierta informaci\u00f3n de identificaci\u00f3n personal que pueda usarse para contactarlo o identificarlo. La informaci\u00f3n de identificaci\u00f3n personal (\u201cInformaci\u00f3n personal\u201d) puede incluir, entre otros:<\/p>\n<ul>\n<li>Nombre<\/li>\n<li>Direcci\u00f3n de correo electr\u00f3nico<\/li>\n<li>N\u00famero de tel\u00e9fono<\/li>\n<li>Direcci\u00f3n<\/li>\n<\/ul>\n<h2>Datos de registro<\/h2>\n<p>Recopilamos informaci\u00f3n que su navegador env\u00eda cada vez que visita nuestro Servicio (\u00abDatos de registro\u00bb). Estos datos de registro pueden incluir informaci\u00f3n como la direcci\u00f3n del Protocolo de Internet (\u201cIP\u201d) de su computadora, el tipo de navegador, la versi\u00f3n del navegador, las p\u00e1ginas de nuestro Servicio que visita, la hora y fecha de su visita, el tiempo dedicado a esas p\u00e1ginas y otros Estad\u00edsticas.<\/p>\n<h2>Cookies<\/h2>\n<p>Las cookies son archivos con peque\u00f1a cantidad de datos, que pueden incluir un identificador \u00fanico an\u00f3nimo. Las cookies se env\u00edan a su navegador desde un sitio web y se almacenan en el disco duro de su computadora.<\/p>\n<p>Utilizamos \u201ccookies\u201d para recopilar informaci\u00f3n. Puede indicarle a su navegador que rechace todas las cookies o que indique cu\u00e1ndo se env\u00eda una cookie. Sin embargo, si no acepta las cookies, es posible que no pueda utilizar algunas partes de nuestro Servicio.<\/p>\n<h2>Proveedores de servicios<\/h2>\n<p>Podemos emplear empresas e individuos de terceros para facilitar nuestro Servicio, proporcionar el Servicio en nuestro nombre, realizar servicios relacionados con el Servicio o ayudarnos a analizar c\u00f3mo se utiliza nuestro Servicio.<\/p>\n<p>Estos terceros tienen acceso a su Informaci\u00f3n personal solo para realizar estas tareas en nuestro nombre y est\u00e1n obligados a no revelarla ni utilizarla para ning\u00fan otro prop\u00f3sito.<\/p>\n<h2>Seguridad<\/h2>\n<p>La seguridad de su Informaci\u00f3n personal es importante para nosotros, pero recuerde que ning\u00fan m\u00e9todo de transmisi\u00f3n a trav\u00e9s de Internet o m\u00e9todo de almacenamiento electr\u00f3nico es 100% seguro. Si bien nos esforzamos por utilizar medios comercialmente aceptables para proteger su informaci\u00f3n personal, no podemos garantizar su seguridad absoluta.<\/p>\n<h2>Enlaces a otros sitios<\/h2>\n<p>Nuestro Servicio puede contener enlaces a otros sitios que no son operados por nosotros. Si hace clic en un enlace de un tercero, ser\u00e1 dirigido al sitio de ese tercero. Le recomendamos encarecidamente que revise la Pol\u00edtica de privacidad de cada sitio que visite.<\/p>\n<p>No tenemos control ni asumimos ninguna responsabilidad por el contenido, las pol\u00edticas o pr\u00e1cticas de privacidad de sitios o servicios de terceros.<\/p>\n<h2>Cumplimiento de las leyes<\/h2>\n<p>Divulgaremos su informaci\u00f3n personal cuando as\u00ed lo exija la ley o una citaci\u00f3n.<\/p>\n<h2>Cambios a esta pol\u00edtica de privacidad<\/h2>\n<p>Podemos actualizar nuestra Pol\u00edtica de Privacidad de vez en cuando. Le notificaremos cualquier cambio publicando la nueva Pol\u00edtica de Privacidad en esta p\u00e1gina.<br \/>\nSe le recomienda revisar esta Pol\u00edtica de Privacidad peri\u00f3dicamente para detectar cualquier cambio. Los cambios a esta Pol\u00edtica de Privacidad entran en vigencia cuando se publican en esta p\u00e1gina.<\/p>\n<h2>Cont\u00e1ctenos<\/h2>\n<p>Si tiene alguna pregunta sobre esta Pol\u00edtica de privacidad, <a href=\"\/es\/contactanos\/\">cont\u00e1ctenos<\/a>.<\/p>\n","protected":false},"excerpt":{"rendered":"<p>\u00daltima actualizaci\u00f3n: 03 de junio de 2024 Godfrey &#038; Wing (\u201cnosotros\u201d, \u201ca nosotros\u201d o \u201cnuestro\u201d) opera el sitio web de Godfrey &#038; Wing (el \u201cServicio\u201d). Esta p\u00e1gina le informa sobre nuestras pol\u00edticas con respecto a la recopilaci\u00f3n, uso y divulgaci\u00f3n de Informaci\u00f3n personal cuando utiliza nuestro Servicio. No usaremos ni compartiremos su informaci\u00f3n con nadie [&hellip;]<\/p>\n","protected":false},"author":25,"featured_media":0,"parent":0,"menu_order":0,"comment_status":"open","ping_status":"open","template":"","meta":{"_acf_changed":false,"inline_featured_image":false,"footnotes":""},"class_list":["post-6902","page","type-page","status-publish","hentry"],"acf":[],"yoast_head":"<!-- This site is optimized with the Yoast SEO plugin v27.4 - https:\/\/yoast.com\/product\/yoast-seo-wordpress\/ -->\n<title>pol\u00edtica de privacidad - Godfrey \uff06 Wing<\/title>\n<meta name=\"robots\" content=\"index, follow, max-snippet:-1, max-image-preview:large, max-video-preview:-1\" \/>\n<link rel=\"canonical\" href=\"https:\/\/www.godfreywing.com\/es\/politica-de-privacidad\/\" \/>\n<meta property=\"og:locale\" content=\"es_ES\" \/>\n<meta property=\"og:type\" content=\"article\" \/>\n<meta property=\"og:title\" content=\"pol\u00edtica de privacidad - Godfrey \uff06 Wing\" \/>\n<meta property=\"og:description\" content=\"\u00daltima actualizaci\u00f3n: 03 de junio de 2024 Godfrey &#038; Wing (\u201cnosotros\u201d, \u201ca nosotros\u201d o \u201cnuestro\u201d) opera el sitio web de Godfrey &#038; Wing (el \u201cServicio\u201d). Esta p\u00e1gina le informa sobre nuestras pol\u00edticas con respecto a la recopilaci\u00f3n, uso y divulgaci\u00f3n de Informaci\u00f3n personal cuando utiliza nuestro Servicio. No usaremos ni compartiremos su informaci\u00f3n con nadie [&hellip;]\" \/>\n<meta property=\"og:url\" content=\"https:\/\/www.godfreywing.com\/es\/politica-de-privacidad\/\" \/>\n<meta property=\"og:site_name\" content=\"Godfrey \uff06 Wing\" \/>\n<meta property=\"article:modified_time\" content=\"2024-07-17T05:34:55+00:00\" \/>\n<meta name=\"twitter:label1\" content=\"Tiempo de lectura\" \/>\n\t<meta name=\"twitter:data1\" content=\"3 minutos\" \/>\n<script type=\"application\/ld+json\" class=\"yoast-schema-graph\">{\"@context\":\"https:\\\/\\\/schema.org\",\"@graph\":[{\"@type\":\"WebPage\",\"@id\":\"https:\\\/\\\/www.godfreywing.com\\\/es\\\/politica-de-privacidad\\\/\",\"url\":\"https:\\\/\\\/www.godfreywing.com\\\/es\\\/politica-de-privacidad\\\/\",\"name\":\"pol\u00edtica de privacidad - Godfrey \uff06 Wing\",\"isPartOf\":{\"@id\":\"https:\\\/\\\/www.godfreywing.com\\\/es\\\/#website\"},\"datePublished\":\"2024-07-10T14:21:37+00:00\",\"dateModified\":\"2024-07-17T05:34:55+00:00\",\"breadcrumb\":{\"@id\":\"https:\\\/\\\/www.godfreywing.com\\\/es\\\/politica-de-privacidad\\\/#breadcrumb\"},\"inLanguage\":\"es\",\"potentialAction\":[{\"@type\":\"ReadAction\",\"target\":[\"https:\\\/\\\/www.godfreywing.com\\\/es\\\/politica-de-privacidad\\\/\"]}]},{\"@type\":\"BreadcrumbList\",\"@id\":\"https:\\\/\\\/www.godfreywing.com\\\/es\\\/politica-de-privacidad\\\/#breadcrumb\",\"itemListElement\":[{\"@type\":\"ListItem\",\"position\":1,\"name\":\"Home\",\"item\":\"https:\\\/\\\/www.godfreywing.com\\\/es\\\/\"},{\"@type\":\"ListItem\",\"position\":2,\"name\":\"pol\u00edtica de privacidad\"}]},{\"@type\":\"WebSite\",\"@id\":\"https:\\\/\\\/www.godfreywing.com\\\/es\\\/#website\",\"url\":\"https:\\\/\\\/www.godfreywing.com\\\/es\\\/\",\"name\":\"Godfrey \uff06 Wing\",\"description\":\"\",\"potentialAction\":[{\"@type\":\"SearchAction\",\"target\":{\"@type\":\"EntryPoint\",\"urlTemplate\":\"https:\\\/\\\/www.godfreywing.com\\\/es\\\/?s={search_term_string}\"},\"query-input\":{\"@type\":\"PropertyValueSpecification\",\"valueRequired\":true,\"valueName\":\"search_term_string\"}}],\"inLanguage\":\"es\"}]}<\/script>\n<!-- \/ Yoast SEO plugin. -->","yoast_head_json":{"title":"pol\u00edtica de privacidad - Godfrey \uff06 Wing","robots":{"index":"index","follow":"follow","max-snippet":"max-snippet:-1","max-image-preview":"max-image-preview:large","max-video-preview":"max-video-preview:-1"},"canonical":"https:\/\/www.godfreywing.com\/es\/politica-de-privacidad\/","og_locale":"es_ES","og_type":"article","og_title":"pol\u00edtica de privacidad - Godfrey \uff06 Wing","og_description":"\u00daltima actualizaci\u00f3n: 03 de junio de 2024 Godfrey &#038; Wing (\u201cnosotros\u201d, \u201ca nosotros\u201d o \u201cnuestro\u201d) opera el sitio web de Godfrey &#038; Wing (el \u201cServicio\u201d). Esta p\u00e1gina le informa sobre nuestras pol\u00edticas con respecto a la recopilaci\u00f3n, uso y divulgaci\u00f3n de Informaci\u00f3n personal cuando utiliza nuestro Servicio. No usaremos ni compartiremos su informaci\u00f3n con nadie [&hellip;]","og_url":"https:\/\/www.godfreywing.com\/es\/politica-de-privacidad\/","og_site_name":"Godfrey \uff06 Wing","article_modified_time":"2024-07-17T05:34:55+00:00","twitter_misc":{"Tiempo de lectura":"3 minutos"},"schema":{"@context":"https:\/\/schema.org","@graph":[{"@type":"WebPage","@id":"https:\/\/www.godfreywing.com\/es\/politica-de-privacidad\/","url":"https:\/\/www.godfreywing.com\/es\/politica-de-privacidad\/","name":"pol\u00edtica de privacidad - Godfrey \uff06 Wing","isPartOf":{"@id":"https:\/\/www.godfreywing.com\/es\/#website"},"datePublished":"2024-07-10T14:21:37+00:00","dateModified":"2024-07-17T05:34:55+00:00","breadcrumb":{"@id":"https:\/\/www.godfreywing.com\/es\/politica-de-privacidad\/#breadcrumb"},"inLanguage":"es","potentialAction":[{"@type":"ReadAction","target":["https:\/\/www.godfreywing.com\/es\/politica-de-privacidad\/"]}]},{"@type":"BreadcrumbList","@id":"https:\/\/www.godfreywing.com\/es\/politica-de-privacidad\/#breadcrumb","itemListElement":[{"@type":"ListItem","position":1,"name":"Home","item":"https:\/\/www.godfreywing.com\/es\/"},{"@type":"ListItem","position":2,"name":"pol\u00edtica de privacidad"}]},{"@type":"WebSite","@id":"https:\/\/www.godfreywing.com\/es\/#website","url":"https:\/\/www.godfreywing.com\/es\/","name":"Godfrey \uff06 Wing","description":"","potentialAction":[{"@type":"SearchAction","target":{"@type":"EntryPoint","urlTemplate":"https:\/\/www.godfreywing.com\/es\/?s={search_term_string}"},"query-input":{"@type":"PropertyValueSpecification","valueRequired":true,"valueName":"search_term_string"}}],"inLanguage":"es"}]}},"_links":{"self":[{"href":"https:\/\/www.godfreywing.com\/es\/wp-json\/wp\/v2\/pages\/6902","targetHints":{"allow":["GET"]}}],"collection":[{"href":"https:\/\/www.godfreywing.com\/es\/wp-json\/wp\/v2\/pages"}],"about":[{"href":"https:\/\/www.godfreywing.com\/es\/wp-json\/wp\/v2\/types\/page"}],"author":[{"embeddable":true,"href":"https:\/\/www.godfreywing.com\/es\/wp-json\/wp\/v2\/users\/25"}],"replies":[{"embeddable":true,"href":"https:\/\/www.godfreywing.com\/es\/wp-json\/wp\/v2\/comments?post=6902"}],"version-history":[{"count":0,"href":"https:\/\/www.godfreywing.com\/es\/wp-json\/wp\/v2\/pages\/6902\/revisions"}],"wp:attachment":[{"href":"https:\/\/www.godfreywing.com\/es\/wp-json\/wp\/v2\/media?parent=6902"}],"curies":[{"name":"wp","href":"https:\/\/api.w.org\/{rel}","templated":true}]}}