{"id":7299,"date":"2024-07-13T14:45:25","date_gmt":"2024-07-13T14:45:25","guid":{"rendered":"https:\/\/www.godfreywing.plesk.tms.thomasnet.io\/?page_id=7299"},"modified":"2025-02-17T20:10:06","modified_gmt":"2025-02-17T20:10:06","slug":"terms-of-service","status":"publish","type":"page","link":"https:\/\/www.godfreywing.com\/de\/terms-of-service\/","title":{"rendered":"Nutzungsbedingungen"},"content":{"rendered":"<p>Zuletzt aktualisiert:\u00a0<strong>3. Juni 2024<\/strong><\/p>\n<p>Bitte lesen Sie diese Nutzungsbedingungen (\u201eBedingungen\u201c, \u201eNutzungsbedingungen\u201c) sorgf\u00e4ltig durch, bevor Sie die von\u00a0<strong>Godfrey &#038; Wing<\/strong>\u00a0(\u201euns\u201c, \u201ewir\u201c oder \u201eunser\u201c) betriebene\u00a0Website\u00a0<a href=\"\/de\/\">www.godfreywing.com<\/a>\u00a0(der \u201eDienst\u201c) verwenden.<\/p>\n<p>Ihr Zugriff auf den Dienst und seine Nutzung setzen voraus, dass Sie diese Bedingungen akzeptieren und einhalten. Diese Bedingungen gelten f\u00fcr alle Besucher, Benutzer und andere Personen, die auf den Dienst zugreifen oder ihn nutzen.<\/p>\n<p>Indem Sie auf den Dienst zugreifen oder ihn nutzen, erkl\u00e4ren Sie sich mit diesen Bedingungen einverstanden. Wenn Sie mit irgendeinem Teil der Bedingungen nicht einverstanden sind, d\u00fcrfen Sie nicht auf den Dienst zugreifen.<\/p>\n<h2>Geistiges Eigentum<\/h2>\n<p>Der Dienst und sein urspr\u00fcnglicher Inhalt, seine Merkmale und Funktionen sind und bleiben das ausschlie\u00dfliche Eigentum von\u00a0<strong>Godfrey &#038; Wing<\/strong>\u00a0und seinen Lizenzgebern.<\/p>\n<h2>Links zu anderen Websites<\/h2>\n<p>Unser Service kann Links zu Websites oder Diensten Dritter enthalten, die nicht Eigentum von <strong>Godfrey &#038; Wing<\/strong> sind oder von uns kontrolliert werden.<\/p>\n<p><strong>Godfrey &#038; Wing<\/strong> hat keine Kontrolle \u00fcber und \u00fcbernimmt keine Verantwortung f\u00fcr den Inhalt, die Datenschutzrichtlinien oder Praktiken von Websites oder Diensten Dritter. Sie erkennen weiterhin an und stimmen zu, dass <strong>Godfrey &#038; Wing<\/strong> weder direkt noch indirekt f\u00fcr Sch\u00e4den oder Verluste verantwortlich oder haftbar ist, die durch oder im Zusammenhang mit der Nutzung oder dem Vertrauen auf solche Inhalte, Waren oder Dienste, die auf oder \u00fcber solche Websites oder Dienste verf\u00fcgbar sind, verursacht wurden oder angeblich verursacht wurden.<\/p>\n<p>Wir empfehlen Ihnen dringend, die Allgemeinen Gesch\u00e4ftsbedingungen und Datenschutzrichtlinien aller von Ihnen besuchten Websites oder Dienste Dritter zu lesen.<\/p>\n<h2>K\u00fcndigung<\/h2>\n<p>Wir k\u00f6nnen den Zugriff auf unseren Service sofort und ohne vorherige Ank\u00fcndigung oder Haftung aus irgendeinem Grund beenden oder aussetzen, einschlie\u00dflich, aber nicht beschr\u00e4nkt auf den Fall, dass Sie gegen die Bedingungen versto\u00dfen.<\/p>\n<p>Alle Bestimmungen der Bedingungen, die ihrer Natur nach \u00fcber die K\u00fcndigung hinaus Bestand haben sollten, bleiben auch nach der K\u00fcndigung bestehen, einschlie\u00dflich, aber nicht beschr\u00e4nkt auf Eigentumsbestimmungen, Gew\u00e4hrleistungsausschl\u00fcsse, Freistellungen und Haftungsbeschr\u00e4nkungen.<\/p>\n<h2>Haftungsausschluss<\/h2>\n<p>Ihre Nutzung des Dienstes erfolgt ausschlie\u00dflich auf Ihr Risiko. Der Dienst wird \u201eWIE BESEHEN\u201c und \u201eWIE VERF\u00dcGBAR\u201c bereitgestellt. Der Dienst wird ohne jegliche ausdr\u00fcckliche oder stillschweigende Gew\u00e4hrleistungen bereitgestellt, einschlie\u00dflich, aber nicht beschr\u00e4nkt auf stillschweigende Gew\u00e4hrleistungen der Marktg\u00e4ngigkeit, Eignung f\u00fcr einen bestimmten Zweck, Nichtverletzung oder Leistungsverlauf.<\/p>\n<h2>Geltendes Recht<\/h2>\n<p>Diese Bedingungen unterliegen den Gesetzen der Vereinigten Staaten und werden gem\u00e4\u00df diesen ausgelegt, ohne R\u00fccksicht auf Kollisionsnormen.<\/p>\n<p>Unser Vers\u00e4umnis, ein Recht oder eine Bestimmung dieser Bedingungen durchzusetzen, gilt nicht als Verzicht auf diese Rechte. Sollte eine Bestimmung dieser Bedingungen von einem Gericht f\u00fcr ung\u00fcltig oder nicht durchsetzbar befunden werden, bleiben die \u00fcbrigen Bestimmungen dieser Bedingungen in Kraft. Diese Bedingungen stellen die gesamte Vereinbarung zwischen uns in Bezug auf unseren Service dar und ersetzen alle vorherigen Vereinbarungen, die wir m\u00f6glicherweise in Bezug auf den Service getroffen haben.<\/p>\n<h2>\u00c4nderungen<\/h2>\n<p>Wir behalten uns das Recht vor, diese Bedingungen jederzeit nach eigenem Ermessen zu \u00e4ndern oder zu ersetzen. Wenn eine \u00c4nderung wesentlich ist, werden wir versuchen, Sie mindestens 30 Tage vor Inkrafttreten neuer Bedingungen zu benachrichtigen. Was eine wesentliche \u00c4nderung darstellt, wird nach unserem alleinigen Ermessen bestimmt.<\/p>\n<p>Indem Sie nach Inkrafttreten dieser \u00c4nderungen weiterhin auf unseren Service zugreifen oder ihn nutzen, erkl\u00e4ren Sie sich damit einverstanden, an die ge\u00e4nderten Bedingungen gebunden zu sein. Wenn Sie mit den neuen Bedingungen nicht einverstanden sind, beenden Sie bitte die Nutzung des Service.<\/p>\n<h2>Kontaktieren Sie uns<\/h2>\n<p>Wenn Sie Fragen zu diesen Bedingungen haben, <a href=\"\/de\/kontaktieren-sie-uns\/\">kontaktieren Sie uns bitte<\/a>.<\/p>\n","protected":false},"excerpt":{"rendered":"<p>Zuletzt aktualisiert:\u00a03. Juni 2024 Bitte lesen Sie diese Nutzungsbedingungen (\u201eBedingungen\u201c, \u201eNutzungsbedingungen\u201c) sorgf\u00e4ltig durch, bevor Sie die von\u00a0Godfrey &#038; Wing\u00a0(\u201euns\u201c, \u201ewir\u201c oder \u201eunser\u201c) betriebene\u00a0Website\u00a0www.godfreywing.com\u00a0(der \u201eDienst\u201c) verwenden. Ihr Zugriff auf den Dienst und seine Nutzung setzen voraus, dass Sie diese Bedingungen akzeptieren und einhalten. Diese Bedingungen gelten f\u00fcr alle Besucher, Benutzer und andere Personen, die auf den [&hellip;]<\/p>\n","protected":false},"author":25,"featured_media":0,"parent":0,"menu_order":0,"comment_status":"closed","ping_status":"closed","template":"","meta":{"_acf_changed":false,"inline_featured_image":false,"footnotes":""},"class_list":["post-7299","page","type-page","status-publish","hentry"],"acf":[],"yoast_head":"<!-- This site is optimized with the Yoast SEO plugin v27.4 - https:\/\/yoast.com\/product\/yoast-seo-wordpress\/ -->\n<title>Nutzungsbedingungen - Godfrey \uff06 Wing<\/title>\n<meta name=\"description\" content=\"Erfahren Sie mehr \u00fcber die Nutzungsbedingungen von Godfrey &amp; Wing und unsere Verpflichtung zur Transparenz.\" \/>\n<meta name=\"robots\" content=\"index, follow, max-snippet:-1, max-image-preview:large, max-video-preview:-1\" \/>\n<link rel=\"canonical\" href=\"https:\/\/www.godfreywing.com\/de\/terms-of-service\/\" \/>\n<meta property=\"og:locale\" content=\"de_DE\" \/>\n<meta property=\"og:type\" content=\"article\" \/>\n<meta property=\"og:title\" content=\"Nutzungsbedingungen - Godfrey \uff06 Wing\" \/>\n<meta property=\"og:description\" content=\"Erfahren Sie mehr \u00fcber die Nutzungsbedingungen von Godfrey &amp; Wing und unsere Verpflichtung zur Transparenz.\" \/>\n<meta property=\"og:url\" content=\"https:\/\/www.godfreywing.com\/de\/terms-of-service\/\" \/>\n<meta property=\"og:site_name\" content=\"Godfrey \uff06 Wing\" \/>\n<meta property=\"article:modified_time\" content=\"2025-02-17T20:10:06+00:00\" \/>\n<meta name=\"twitter:label1\" content=\"Gesch\u00e4tzte Lesezeit\" \/>\n\t<meta name=\"twitter:data1\" content=\"3\u00a0Minuten\" \/>\n<script type=\"application\/ld+json\" class=\"yoast-schema-graph\">{\"@context\":\"https:\\\/\\\/schema.org\",\"@graph\":[{\"@type\":\"WebPage\",\"@id\":\"https:\\\/\\\/www.godfreywing.com\\\/de\\\/terms-of-service\\\/\",\"url\":\"https:\\\/\\\/www.godfreywing.com\\\/de\\\/terms-of-service\\\/\",\"name\":\"Nutzungsbedingungen - Godfrey \uff06 Wing\",\"isPartOf\":{\"@id\":\"https:\\\/\\\/www.godfreywing.com\\\/de\\\/#website\"},\"datePublished\":\"2024-07-13T14:45:25+00:00\",\"dateModified\":\"2025-02-17T20:10:06+00:00\",\"description\":\"Erfahren Sie mehr \u00fcber die Nutzungsbedingungen von Godfrey & Wing und unsere Verpflichtung zur Transparenz.\",\"breadcrumb\":{\"@id\":\"https:\\\/\\\/www.godfreywing.com\\\/de\\\/terms-of-service\\\/#breadcrumb\"},\"inLanguage\":\"de\",\"potentialAction\":[{\"@type\":\"ReadAction\",\"target\":[\"https:\\\/\\\/www.godfreywing.com\\\/de\\\/terms-of-service\\\/\"]}]},{\"@type\":\"BreadcrumbList\",\"@id\":\"https:\\\/\\\/www.godfreywing.com\\\/de\\\/terms-of-service\\\/#breadcrumb\",\"itemListElement\":[{\"@type\":\"ListItem\",\"position\":1,\"name\":\"Home\",\"item\":\"https:\\\/\\\/www.godfreywing.com\\\/de\\\/\"},{\"@type\":\"ListItem\",\"position\":2,\"name\":\"Nutzungsbedingungen\"}]},{\"@type\":\"WebSite\",\"@id\":\"https:\\\/\\\/www.godfreywing.com\\\/de\\\/#website\",\"url\":\"https:\\\/\\\/www.godfreywing.com\\\/de\\\/\",\"name\":\"Godfrey \uff06 Wing\",\"description\":\"\",\"potentialAction\":[{\"@type\":\"SearchAction\",\"target\":{\"@type\":\"EntryPoint\",\"urlTemplate\":\"https:\\\/\\\/www.godfreywing.com\\\/de\\\/?s={search_term_string}\"},\"query-input\":{\"@type\":\"PropertyValueSpecification\",\"valueRequired\":true,\"valueName\":\"search_term_string\"}}],\"inLanguage\":\"de\"}]}<\/script>\n<!-- \/ Yoast SEO plugin. -->","yoast_head_json":{"title":"Nutzungsbedingungen - Godfrey \uff06 Wing","description":"Erfahren Sie mehr \u00fcber die Nutzungsbedingungen von Godfrey & Wing und unsere Verpflichtung zur Transparenz.","robots":{"index":"index","follow":"follow","max-snippet":"max-snippet:-1","max-image-preview":"max-image-preview:large","max-video-preview":"max-video-preview:-1"},"canonical":"https:\/\/www.godfreywing.com\/de\/terms-of-service\/","og_locale":"de_DE","og_type":"article","og_title":"Nutzungsbedingungen - Godfrey \uff06 Wing","og_description":"Erfahren Sie mehr \u00fcber die Nutzungsbedingungen von Godfrey & Wing und unsere Verpflichtung zur Transparenz.","og_url":"https:\/\/www.godfreywing.com\/de\/terms-of-service\/","og_site_name":"Godfrey \uff06 Wing","article_modified_time":"2025-02-17T20:10:06+00:00","twitter_misc":{"Gesch\u00e4tzte Lesezeit":"3\u00a0Minuten"},"schema":{"@context":"https:\/\/schema.org","@graph":[{"@type":"WebPage","@id":"https:\/\/www.godfreywing.com\/de\/terms-of-service\/","url":"https:\/\/www.godfreywing.com\/de\/terms-of-service\/","name":"Nutzungsbedingungen - Godfrey \uff06 Wing","isPartOf":{"@id":"https:\/\/www.godfreywing.com\/de\/#website"},"datePublished":"2024-07-13T14:45:25+00:00","dateModified":"2025-02-17T20:10:06+00:00","description":"Erfahren Sie mehr \u00fcber die Nutzungsbedingungen von Godfrey & Wing und unsere Verpflichtung zur Transparenz.","breadcrumb":{"@id":"https:\/\/www.godfreywing.com\/de\/terms-of-service\/#breadcrumb"},"inLanguage":"de","potentialAction":[{"@type":"ReadAction","target":["https:\/\/www.godfreywing.com\/de\/terms-of-service\/"]}]},{"@type":"BreadcrumbList","@id":"https:\/\/www.godfreywing.com\/de\/terms-of-service\/#breadcrumb","itemListElement":[{"@type":"ListItem","position":1,"name":"Home","item":"https:\/\/www.godfreywing.com\/de\/"},{"@type":"ListItem","position":2,"name":"Nutzungsbedingungen"}]},{"@type":"WebSite","@id":"https:\/\/www.godfreywing.com\/de\/#website","url":"https:\/\/www.godfreywing.com\/de\/","name":"Godfrey \uff06 Wing","description":"","potentialAction":[{"@type":"SearchAction","target":{"@type":"EntryPoint","urlTemplate":"https:\/\/www.godfreywing.com\/de\/?s={search_term_string}"},"query-input":{"@type":"PropertyValueSpecification","valueRequired":true,"valueName":"search_term_string"}}],"inLanguage":"de"}]}},"_links":{"self":[{"href":"https:\/\/www.godfreywing.com\/de\/wp-json\/wp\/v2\/pages\/7299","targetHints":{"allow":["GET"]}}],"collection":[{"href":"https:\/\/www.godfreywing.com\/de\/wp-json\/wp\/v2\/pages"}],"about":[{"href":"https:\/\/www.godfreywing.com\/de\/wp-json\/wp\/v2\/types\/page"}],"author":[{"embeddable":true,"href":"https:\/\/www.godfreywing.com\/de\/wp-json\/wp\/v2\/users\/25"}],"replies":[{"embeddable":true,"href":"https:\/\/www.godfreywing.com\/de\/wp-json\/wp\/v2\/comments?post=7299"}],"version-history":[{"count":1,"href":"https:\/\/www.godfreywing.com\/de\/wp-json\/wp\/v2\/pages\/7299\/revisions"}],"predecessor-version":[{"id":8535,"href":"https:\/\/www.godfreywing.com\/de\/wp-json\/wp\/v2\/pages\/7299\/revisions\/8535"}],"wp:attachment":[{"href":"https:\/\/www.godfreywing.com\/de\/wp-json\/wp\/v2\/media?parent=7299"}],"curies":[{"name":"wp","href":"https:\/\/api.w.org\/{rel}","templated":true}]}}