{"id":7298,"date":"2024-07-13T14:43:44","date_gmt":"2024-07-13T14:43:44","guid":{"rendered":"https:\/\/www.godfreywing.plesk.tms.thomasnet.io\/?page_id=7298"},"modified":"2025-02-17T20:19:52","modified_gmt":"2025-02-17T20:19:52","slug":"privacy-policy","status":"publish","type":"page","link":"https:\/\/www.godfreywing.com\/de\/privacy-policy\/","title":{"rendered":"Datenschutzrichtlinie"},"content":{"rendered":"<p>Zuletzt aktualisiert: <strong>3. Juni 2024<\/strong><\/p>\n<p><strong>Godfrey &#038; Wing<\/strong> (\u201ewir\u201c, \u201euns\u201c oder \u201eunser\u201c) betreibt die <strong>Godfrey &#038; Wing<\/strong>-Website (der \u201eDienst\u201c).<\/p>\n<p>Diese Seite informiert Sie \u00fcber unsere Richtlinien bez\u00fcglich der Erfassung, Verwendung und Offenlegung personenbezogener Daten, wenn Sie unseren Dienst nutzen.<\/p>\n<p>Wir werden Ihre Daten nicht verwenden oder an Dritte weitergeben, au\u00dfer wie in dieser Datenschutzrichtlinie beschrieben.<\/p>\n<p>Wir verwenden Ihre personenbezogenen Daten zur Bereitstellung und Verbesserung des Dienstes. Durch die Nutzung des Dienstes stimmen Sie der Erfassung und Verwendung von Informationen gem\u00e4\u00df dieser Richtlinie zu. Sofern in dieser Datenschutzrichtlinie nicht anders definiert, haben die in dieser Datenschutzrichtlinie verwendeten Begriffe die gleiche Bedeutung wie in unseren Allgemeinen Gesch\u00e4ftsbedingungen, die unter <a href=\"\/de\/\">www.godfreywing.com<\/a> abrufbar sind.<\/p>\n<h2>Erfassung und Verwendung von Informationen<\/h2>\n<p>Bei der Nutzung unseres Dienstes bitten wir Sie m\u00f6glicherweise, uns bestimmte personenbezogene Daten zur Verf\u00fcgung zu stellen, die verwendet werden k\u00f6nnen, um Sie zu kontaktieren oder zu identifizieren. Personenbezogene Daten (\u201ePers\u00f6nliche Daten\u201c) k\u00f6nnen Folgendes umfassen, sind aber nicht darauf beschr\u00e4nkt:<\/p>\n<ul>\n<li>Name<\/li>\n<li>E-Mail-Adresse<\/li>\n<li>Telefonnummer<\/li>\n<li>Adresse<\/li>\n<\/ul>\n<h2>Protokolldaten<\/h2>\n<p>Wir erfassen Informationen, die Ihr Browser sendet, wenn Sie unseren Service besuchen (\u201eProtokolldaten\u201c). Diese Protokolldaten k\u00f6nnen Informationen wie die Internetprotokolladresse (\u201eIP\u201c) Ihres Computers, Browsertyp, Browserversion, die von Ihnen besuchten Seiten unseres Service, Uhrzeit und Datum Ihres Besuchs, die auf diesen Seiten verbrachte Zeit und andere Statistiken enthalten.<\/p>\n<h2>Cookies<\/h2>\n<p>Cookies sind Dateien mit kleinen Datenmengen, die eine anonyme eindeutige Kennung enthalten k\u00f6nnen. Cookies werden von einer Website an Ihren Browser gesendet und auf der Festplatte Ihres Computers gespeichert.<\/p>\n<p>Wir verwenden \u201eCookies\u201c, um Informationen zu sammeln. Sie k\u00f6nnen Ihren Browser anweisen, alle Cookies abzulehnen oder anzuzeigen, wenn ein Cookie gesendet wird. Wenn Sie jedoch keine Cookies akzeptieren, k\u00f6nnen Sie m\u00f6glicherweise einige Teile unseres Dienstes nicht nutzen.<\/p>\n<h2>Dienstanbieter<\/h2>\n<p>Wir k\u00f6nnen Drittunternehmen und Einzelpersonen damit beauftragen, unseren Dienst zu erleichtern, den Dienst in unserem Namen bereitzustellen, dienstbezogene Dienste auszuf\u00fchren oder uns bei der Analyse der Nutzung unseres Dienstes zu unterst\u00fctzen.<\/p>\n<p>Diese Drittparteien haben nur Zugriff auf Ihre personenbezogenen Daten, um diese Aufgaben in unserem Namen auszuf\u00fchren, und sind verpflichtet, diese nicht offenzulegen oder f\u00fcr andere Zwecke zu verwenden.<\/p>\n<h2>Sicherheit<\/h2>\n<p>Die Sicherheit Ihrer personenbezogenen Daten ist uns wichtig, aber denken Sie daran, dass keine Methode der \u00dcbertragung \u00fcber das Internet oder Methode der elektronischen Speicherung 100 % sicher ist. Obwohl wir uns bem\u00fchen, kommerziell akzeptable Mittel zum Schutz Ihrer personenbezogenen Daten zu verwenden, k\u00f6nnen wir deren absolute Sicherheit nicht garantieren.<\/p>\n<h2>Links zu anderen Websites<\/h2>\n<p>Unser Dienst kann Links zu anderen Websites enthalten, die nicht von uns betrieben werden. Wenn Sie auf einen Link eines Drittanbieters klicken, werden Sie auf die Website dieses Drittanbieters weitergeleitet. Wir empfehlen Ihnen dringend, die Datenschutzrichtlinie jeder von Ihnen besuchten Website zu \u00fcberpr\u00fcfen.<\/p>\n<p>Wir haben keine Kontrolle \u00fcber und \u00fcbernehmen keine Verantwortung f\u00fcr den Inhalt, die Datenschutzrichtlinien oder -praktiken von Websites oder Diensten Dritter.<\/p>\n<h2>Einhaltung von Gesetzen<\/h2>\n<p>Wir werden Ihre personenbezogenen Daten offenlegen, wenn dies gesetzlich oder durch Vorladung vorgeschrieben ist.<\/p>\n<h2>\u00c4nderungen dieser Datenschutzrichtlinie<\/h2>\n<p>Wir k\u00f6nnen unsere Datenschutzrichtlinie von Zeit zu Zeit aktualisieren. Wir werden Sie \u00fcber alle \u00c4nderungen informieren, indem wir die neue Datenschutzrichtlinie auf dieser Seite ver\u00f6ffentlichen.<\/p>\n<p>Es wird Ihnen empfohlen, diese Datenschutzrichtlinie regelm\u00e4\u00dfig auf \u00c4nderungen zu \u00fcberpr\u00fcfen. \u00c4nderungen dieser Datenschutzrichtlinie werden wirksam, wenn sie auf dieser Seite ver\u00f6ffentlicht werden.<\/p>\n<h2>Kontaktieren Sie uns<\/h2>\n<p>Wenn Sie Fragen zu dieser Datenschutzrichtlinie haben, <a href=\"\/de\/kontaktieren-sie-uns\/\">kontaktieren Sie uns bitte<\/a>.<\/p>\n","protected":false},"excerpt":{"rendered":"<p>Zuletzt aktualisiert: 3. Juni 2024 Godfrey &#038; Wing (\u201ewir\u201c, \u201euns\u201c oder \u201eunser\u201c) betreibt die Godfrey &#038; Wing-Website (der \u201eDienst\u201c). Diese Seite informiert Sie \u00fcber unsere Richtlinien bez\u00fcglich der Erfassung, Verwendung und Offenlegung personenbezogener Daten, wenn Sie unseren Dienst nutzen. Wir werden Ihre Daten nicht verwenden oder an Dritte weitergeben, au\u00dfer wie in dieser Datenschutzrichtlinie beschrieben. [&hellip;]<\/p>\n","protected":false},"author":25,"featured_media":0,"parent":0,"menu_order":0,"comment_status":"open","ping_status":"open","template":"","meta":{"_acf_changed":false,"inline_featured_image":false,"footnotes":""},"class_list":["post-7298","page","type-page","status-publish","hentry"],"acf":[],"yoast_head":"<!-- This site is optimized with the Yoast SEO plugin v27.3 - https:\/\/yoast.com\/product\/yoast-seo-wordpress\/ -->\n<title>Datenschutzrichtlinie - Godfrey \uff06 Wing<\/title>\n<meta name=\"description\" content=\"Erfahren Sie mehr \u00fcber die Datenschutzrichtlinien von Godfrey &amp; Wing und den Schutz Ihrer pers\u00f6nlichen Daten.\" \/>\n<meta name=\"robots\" content=\"index, follow, max-snippet:-1, max-image-preview:large, max-video-preview:-1\" \/>\n<link rel=\"canonical\" href=\"https:\/\/www.godfreywing.com\/de\/privacy-policy\/\" \/>\n<meta property=\"og:locale\" content=\"de_DE\" \/>\n<meta property=\"og:type\" content=\"article\" \/>\n<meta property=\"og:title\" content=\"Datenschutzrichtlinie - Godfrey \uff06 Wing\" \/>\n<meta property=\"og:description\" content=\"Erfahren Sie mehr \u00fcber die Datenschutzrichtlinien von Godfrey &amp; Wing und den Schutz Ihrer pers\u00f6nlichen Daten.\" \/>\n<meta property=\"og:url\" content=\"https:\/\/www.godfreywing.com\/de\/privacy-policy\/\" \/>\n<meta property=\"og:site_name\" content=\"Godfrey \uff06 Wing\" \/>\n<meta property=\"article:modified_time\" content=\"2025-02-17T20:19:52+00:00\" \/>\n<meta name=\"twitter:label1\" content=\"Gesch\u00e4tzte Lesezeit\" \/>\n\t<meta name=\"twitter:data1\" content=\"3\u00a0Minuten\" \/>\n<script type=\"application\/ld+json\" class=\"yoast-schema-graph\">{\"@context\":\"https:\\\/\\\/schema.org\",\"@graph\":[{\"@type\":\"WebPage\",\"@id\":\"https:\\\/\\\/www.godfreywing.com\\\/de\\\/privacy-policy\\\/\",\"url\":\"https:\\\/\\\/www.godfreywing.com\\\/de\\\/privacy-policy\\\/\",\"name\":\"Datenschutzrichtlinie - Godfrey \uff06 Wing\",\"isPartOf\":{\"@id\":\"https:\\\/\\\/www.godfreywing.com\\\/de\\\/#website\"},\"datePublished\":\"2024-07-13T14:43:44+00:00\",\"dateModified\":\"2025-02-17T20:19:52+00:00\",\"description\":\"Erfahren Sie mehr \u00fcber die Datenschutzrichtlinien von Godfrey & Wing und den Schutz Ihrer pers\u00f6nlichen Daten.\",\"breadcrumb\":{\"@id\":\"https:\\\/\\\/www.godfreywing.com\\\/de\\\/privacy-policy\\\/#breadcrumb\"},\"inLanguage\":\"de\",\"potentialAction\":[{\"@type\":\"ReadAction\",\"target\":[\"https:\\\/\\\/www.godfreywing.com\\\/de\\\/privacy-policy\\\/\"]}]},{\"@type\":\"BreadcrumbList\",\"@id\":\"https:\\\/\\\/www.godfreywing.com\\\/de\\\/privacy-policy\\\/#breadcrumb\",\"itemListElement\":[{\"@type\":\"ListItem\",\"position\":1,\"name\":\"Home\",\"item\":\"https:\\\/\\\/www.godfreywing.com\\\/de\\\/\"},{\"@type\":\"ListItem\",\"position\":2,\"name\":\"Datenschutzrichtlinie\"}]},{\"@type\":\"WebSite\",\"@id\":\"https:\\\/\\\/www.godfreywing.com\\\/de\\\/#website\",\"url\":\"https:\\\/\\\/www.godfreywing.com\\\/de\\\/\",\"name\":\"Godfrey \uff06 Wing\",\"description\":\"\",\"potentialAction\":[{\"@type\":\"SearchAction\",\"target\":{\"@type\":\"EntryPoint\",\"urlTemplate\":\"https:\\\/\\\/www.godfreywing.com\\\/de\\\/?s={search_term_string}\"},\"query-input\":{\"@type\":\"PropertyValueSpecification\",\"valueRequired\":true,\"valueName\":\"search_term_string\"}}],\"inLanguage\":\"de\"}]}<\/script>\n<!-- \/ Yoast SEO plugin. -->","yoast_head_json":{"title":"Datenschutzrichtlinie - Godfrey \uff06 Wing","description":"Erfahren Sie mehr \u00fcber die Datenschutzrichtlinien von Godfrey & Wing und den Schutz Ihrer pers\u00f6nlichen Daten.","robots":{"index":"index","follow":"follow","max-snippet":"max-snippet:-1","max-image-preview":"max-image-preview:large","max-video-preview":"max-video-preview:-1"},"canonical":"https:\/\/www.godfreywing.com\/de\/privacy-policy\/","og_locale":"de_DE","og_type":"article","og_title":"Datenschutzrichtlinie - Godfrey \uff06 Wing","og_description":"Erfahren Sie mehr \u00fcber die Datenschutzrichtlinien von Godfrey & Wing und den Schutz Ihrer pers\u00f6nlichen Daten.","og_url":"https:\/\/www.godfreywing.com\/de\/privacy-policy\/","og_site_name":"Godfrey \uff06 Wing","article_modified_time":"2025-02-17T20:19:52+00:00","twitter_misc":{"Gesch\u00e4tzte Lesezeit":"3\u00a0Minuten"},"schema":{"@context":"https:\/\/schema.org","@graph":[{"@type":"WebPage","@id":"https:\/\/www.godfreywing.com\/de\/privacy-policy\/","url":"https:\/\/www.godfreywing.com\/de\/privacy-policy\/","name":"Datenschutzrichtlinie - Godfrey \uff06 Wing","isPartOf":{"@id":"https:\/\/www.godfreywing.com\/de\/#website"},"datePublished":"2024-07-13T14:43:44+00:00","dateModified":"2025-02-17T20:19:52+00:00","description":"Erfahren Sie mehr \u00fcber die Datenschutzrichtlinien von Godfrey & Wing und den Schutz Ihrer pers\u00f6nlichen Daten.","breadcrumb":{"@id":"https:\/\/www.godfreywing.com\/de\/privacy-policy\/#breadcrumb"},"inLanguage":"de","potentialAction":[{"@type":"ReadAction","target":["https:\/\/www.godfreywing.com\/de\/privacy-policy\/"]}]},{"@type":"BreadcrumbList","@id":"https:\/\/www.godfreywing.com\/de\/privacy-policy\/#breadcrumb","itemListElement":[{"@type":"ListItem","position":1,"name":"Home","item":"https:\/\/www.godfreywing.com\/de\/"},{"@type":"ListItem","position":2,"name":"Datenschutzrichtlinie"}]},{"@type":"WebSite","@id":"https:\/\/www.godfreywing.com\/de\/#website","url":"https:\/\/www.godfreywing.com\/de\/","name":"Godfrey \uff06 Wing","description":"","potentialAction":[{"@type":"SearchAction","target":{"@type":"EntryPoint","urlTemplate":"https:\/\/www.godfreywing.com\/de\/?s={search_term_string}"},"query-input":{"@type":"PropertyValueSpecification","valueRequired":true,"valueName":"search_term_string"}}],"inLanguage":"de"}]}},"_links":{"self":[{"href":"https:\/\/www.godfreywing.com\/de\/wp-json\/wp\/v2\/pages\/7298","targetHints":{"allow":["GET"]}}],"collection":[{"href":"https:\/\/www.godfreywing.com\/de\/wp-json\/wp\/v2\/pages"}],"about":[{"href":"https:\/\/www.godfreywing.com\/de\/wp-json\/wp\/v2\/types\/page"}],"author":[{"embeddable":true,"href":"https:\/\/www.godfreywing.com\/de\/wp-json\/wp\/v2\/users\/25"}],"replies":[{"embeddable":true,"href":"https:\/\/www.godfreywing.com\/de\/wp-json\/wp\/v2\/comments?post=7298"}],"version-history":[{"count":1,"href":"https:\/\/www.godfreywing.com\/de\/wp-json\/wp\/v2\/pages\/7298\/revisions"}],"predecessor-version":[{"id":8537,"href":"https:\/\/www.godfreywing.com\/de\/wp-json\/wp\/v2\/pages\/7298\/revisions\/8537"}],"wp:attachment":[{"href":"https:\/\/www.godfreywing.com\/de\/wp-json\/wp\/v2\/media?parent=7298"}],"curies":[{"name":"wp","href":"https:\/\/api.w.org\/{rel}","templated":true}]}}