{"id":7240,"date":"2024-07-13T07:43:09","date_gmt":"2024-07-13T07:43:09","guid":{"rendered":"https:\/\/www.godfreywing.plesk.tms.thomasnet.io\/?page_id=7240"},"modified":"2024-07-13T07:48:30","modified_gmt":"2024-07-13T07:48:30","slug":"anaerob-aushaertende-impraegniermittel","status":"publish","type":"page","link":"https:\/\/www.godfreywing.com\/de\/anaerob-aushaertende-impraegniermittel\/","title":{"rendered":"Anaerob-aush\u00e4rtende Impr\u00e4gniermittel"},"content":{"rendered":"<p>Anaerobe Impr\u00e4gniermittel werden h\u00e4ufig f\u00fcr den 3D-Druck, Sintermetalle und f\u00fcr umspritzte elektrische Komponenten verwendet. Da sie bei Raumtemperatur und ohne W\u00e4rme aush\u00e4rten, sind sie ideal f\u00fcr die Impr\u00e4gnierung von Komponenten mit unterschiedlichen Materialien, die unterschiedliche W\u00e4rmeausdehnungskoeffizienten haben. Diese Dichtstoffe sind optimal f\u00fcr das Nassvakuumverfahren (WV) geeignet.<\/p>\n\n<table id=\"tablepress-22\" class=\"tablepress tablepress-id-22\">\n<thead>\n<tr class=\"row-1\">\n\t<td class=\"column-1\"><\/td><th class=\"column-2\">95-1000AC<\/th><th class=\"column-3\">95-1000ACP<\/th><th class=\"column-4\">Elecflex 440<\/th><th class=\"column-5\">Elecflex 330<\/th><th class=\"column-6\">ElecflexFP<\/th>\n<\/tr>\n<\/thead>\n<tbody class=\"row-striping row-hover\">\n<tr class=\"row-2\">\n\t<td class=\"column-1\">Zweck<\/td><td class=\"column-2\">Druckgussteile<\/td><td class=\"column-3\">Sintermetall<\/td><td class=\"column-4\">Elektronik<\/td><td class=\"column-5\">Umspritzte Elektronik<\/td><td class=\"column-6\">Feuerresistent<\/td>\n<\/tr>\n<tr class=\"row-3\">\n\t<td class=\"column-1\">H\u00e4rte, Shore D<\/td><td class=\"column-2\">\u00a079<\/td><td class=\"column-3\">83<\/td><td class=\"column-4\">52<\/td><td class=\"column-5\">70<\/td><td class=\"column-6\">50<\/td>\n<\/tr>\n<tr class=\"row-4\">\n\t<td class=\"column-1\">Dichte<\/td><td class=\"column-2\">1.21 gms\/cc @\u00a072\u00b0F (22\u00b0C)<\/td><td class=\"column-3\">1.22 gms\/cc @\u00a072\u00b0F (22\u00b0C)<\/td><td class=\"column-4\">1.06 gms\/cc @\u00a072\u00b0F (22\u00b0C)<\/td><td class=\"column-5\">n\/a<\/td><td class=\"column-6\">n\/a<\/td>\n<\/tr>\n<tr class=\"row-5\">\n\t<td class=\"column-1\">W\u00e4rmeausdehnungskoeffizientn<\/td><td class=\"column-2\">2.5 x10<sup>-4<\/sup>\u00a0in\/in\/in\u00a0\u00b0C<\/td><td class=\"column-3\">2.8 x10<sup>-4<\/sup>\u00a0in\/in\/in\u00a0\u00b0C<\/td><td class=\"column-4\">1.52x10<sup>-4<\/sup>\u00a0in\/in\/in\u00a0\u00b0C<\/td><td class=\"column-5\">2.5 x10<sup>-4<\/sup>\u00a0in\/in\/in\u00a0\u00b0C<\/td><td class=\"column-6\">n\/a<\/td>\n<\/tr>\n<tr class=\"row-6\">\n\t<td class=\"column-1\">Druckfestigkeit<\/td><td class=\"column-2\">9,668 psi<\/td><td class=\"column-3\">10,275 psi<\/td><td class=\"column-4\">3,339 psi<\/td><td class=\"column-5\">n\/a<\/td><td class=\"column-6\">n\/a<\/td>\n<\/tr>\n<tr class=\"row-7\">\n\t<td class=\"column-1\">Druckmodul<\/td><td class=\"column-2\">38,672 psi<\/td><td class=\"column-3\">146,786 psi<\/td><td class=\"column-4\">5,757 psi<\/td><td class=\"column-5\">n\/a<\/td><td class=\"column-6\">n\/a<\/td>\n<\/tr>\n<tr class=\"row-8\">\n\t<td class=\"column-1\">Betriebstemperatur<\/td><td class=\"column-2\">-40\u00b0F to 401\u00b0F (-40\u00b0C to 205\u00b0C)<\/td><td class=\"column-3\">-40\u00b0F to 401\u00b0F (-40\u00b0C to 205\u00b0C)<\/td><td class=\"column-4\">\u00a0n\/a<\/td><td class=\"column-5\">n\/a<\/td><td class=\"column-6\">-51\u00b0F to 401\u00b0F (-46\u00b0C to 205\u00b0C)<\/td>\n<\/tr>\n<\/tbody>\n<\/table>\n<!-- #tablepress-22 from cache -->\n","protected":false},"excerpt":{"rendered":"<p>Anaerobe Impr\u00e4gniermittel werden h\u00e4ufig f\u00fcr den 3D-Druck, Sintermetalle und f\u00fcr umspritzte elektrische Komponenten verwendet. Da sie bei Raumtemperatur und ohne W\u00e4rme aush\u00e4rten, sind sie ideal f\u00fcr die Impr\u00e4gnierung von Komponenten mit unterschiedlichen Materialien, die unterschiedliche W\u00e4rmeausdehnungskoeffizienten haben. Diese Dichtstoffe sind optimal f\u00fcr das Nassvakuumverfahren (WV) geeignet.<\/p>\n","protected":false},"author":25,"featured_media":0,"parent":0,"menu_order":0,"comment_status":"closed","ping_status":"closed","template":"","meta":{"_acf_changed":false,"inline_featured_image":false,"footnotes":""},"class_list":["post-7240","page","type-page","status-publish","hentry"],"acf":[],"yoast_head":"<!-- This site is optimized with the Yoast SEO plugin v27.3 - https:\/\/yoast.com\/product\/yoast-seo-wordpress\/ -->\n<title>Anaerob-aush\u00e4rtende Impr\u00e4gniermittel<\/title>\n<meta name=\"description\" content=\"Anaerobe Impr\u00e4gniermittel werden h\u00e4ufig f\u00fcr den 3D-Druck, Sintermetalle und f\u00fcr umspritzte elektrische Komponenten verwendet.\" \/>\n<meta name=\"robots\" content=\"index, follow, max-snippet:-1, max-image-preview:large, max-video-preview:-1\" \/>\n<link rel=\"canonical\" href=\"https:\/\/www.godfreywing.com\/de\/anaerob-aushaertende-impraegniermittel\/\" \/>\n<meta property=\"og:locale\" content=\"de_DE\" \/>\n<meta property=\"og:type\" content=\"article\" \/>\n<meta property=\"og:title\" content=\"Anaerob-aush\u00e4rtende Impr\u00e4gniermittel\" \/>\n<meta property=\"og:description\" content=\"Anaerobe Impr\u00e4gniermittel werden h\u00e4ufig f\u00fcr den 3D-Druck, Sintermetalle und f\u00fcr umspritzte elektrische Komponenten verwendet.\" \/>\n<meta property=\"og:url\" content=\"https:\/\/www.godfreywing.com\/de\/anaerob-aushaertende-impraegniermittel\/\" \/>\n<meta property=\"og:site_name\" content=\"Godfrey \uff06 Wing\" \/>\n<meta property=\"article:modified_time\" content=\"2024-07-13T07:48:30+00:00\" \/>\n<meta name=\"twitter:label1\" content=\"Gesch\u00e4tzte Lesezeit\" \/>\n\t<meta name=\"twitter:data1\" content=\"1\u00a0Minute\" \/>\n<script type=\"application\/ld+json\" class=\"yoast-schema-graph\">{\"@context\":\"https:\\\/\\\/schema.org\",\"@graph\":[{\"@type\":\"WebPage\",\"@id\":\"https:\\\/\\\/www.godfreywing.com\\\/de\\\/anaerob-aushaertende-impraegniermittel\\\/\",\"url\":\"https:\\\/\\\/www.godfreywing.com\\\/de\\\/anaerob-aushaertende-impraegniermittel\\\/\",\"name\":\"Anaerob-aush\u00e4rtende Impr\u00e4gniermittel\",\"isPartOf\":{\"@id\":\"https:\\\/\\\/www.godfreywing.com\\\/de\\\/#website\"},\"datePublished\":\"2024-07-13T07:43:09+00:00\",\"dateModified\":\"2024-07-13T07:48:30+00:00\",\"description\":\"Anaerobe Impr\u00e4gniermittel werden h\u00e4ufig f\u00fcr den 3D-Druck, Sintermetalle und f\u00fcr umspritzte elektrische Komponenten verwendet.\",\"breadcrumb\":{\"@id\":\"https:\\\/\\\/www.godfreywing.com\\\/de\\\/anaerob-aushaertende-impraegniermittel\\\/#breadcrumb\"},\"inLanguage\":\"de\",\"potentialAction\":[{\"@type\":\"ReadAction\",\"target\":[\"https:\\\/\\\/www.godfreywing.com\\\/de\\\/anaerob-aushaertende-impraegniermittel\\\/\"]}]},{\"@type\":\"BreadcrumbList\",\"@id\":\"https:\\\/\\\/www.godfreywing.com\\\/de\\\/anaerob-aushaertende-impraegniermittel\\\/#breadcrumb\",\"itemListElement\":[{\"@type\":\"ListItem\",\"position\":1,\"name\":\"Home\",\"item\":\"https:\\\/\\\/www.godfreywing.com\\\/de\\\/\"},{\"@type\":\"ListItem\",\"position\":2,\"name\":\"Anaerob-aush\u00e4rtende Impr\u00e4gniermittel\"}]},{\"@type\":\"WebSite\",\"@id\":\"https:\\\/\\\/www.godfreywing.com\\\/de\\\/#website\",\"url\":\"https:\\\/\\\/www.godfreywing.com\\\/de\\\/\",\"name\":\"Godfrey \uff06 Wing\",\"description\":\"\",\"potentialAction\":[{\"@type\":\"SearchAction\",\"target\":{\"@type\":\"EntryPoint\",\"urlTemplate\":\"https:\\\/\\\/www.godfreywing.com\\\/de\\\/?s={search_term_string}\"},\"query-input\":{\"@type\":\"PropertyValueSpecification\",\"valueRequired\":true,\"valueName\":\"search_term_string\"}}],\"inLanguage\":\"de\"}]}<\/script>\n<!-- \/ Yoast SEO plugin. -->","yoast_head_json":{"title":"Anaerob-aush\u00e4rtende Impr\u00e4gniermittel","description":"Anaerobe Impr\u00e4gniermittel werden h\u00e4ufig f\u00fcr den 3D-Druck, Sintermetalle und f\u00fcr umspritzte elektrische Komponenten verwendet.","robots":{"index":"index","follow":"follow","max-snippet":"max-snippet:-1","max-image-preview":"max-image-preview:large","max-video-preview":"max-video-preview:-1"},"canonical":"https:\/\/www.godfreywing.com\/de\/anaerob-aushaertende-impraegniermittel\/","og_locale":"de_DE","og_type":"article","og_title":"Anaerob-aush\u00e4rtende Impr\u00e4gniermittel","og_description":"Anaerobe Impr\u00e4gniermittel werden h\u00e4ufig f\u00fcr den 3D-Druck, Sintermetalle und f\u00fcr umspritzte elektrische Komponenten verwendet.","og_url":"https:\/\/www.godfreywing.com\/de\/anaerob-aushaertende-impraegniermittel\/","og_site_name":"Godfrey \uff06 Wing","article_modified_time":"2024-07-13T07:48:30+00:00","twitter_misc":{"Gesch\u00e4tzte Lesezeit":"1\u00a0Minute"},"schema":{"@context":"https:\/\/schema.org","@graph":[{"@type":"WebPage","@id":"https:\/\/www.godfreywing.com\/de\/anaerob-aushaertende-impraegniermittel\/","url":"https:\/\/www.godfreywing.com\/de\/anaerob-aushaertende-impraegniermittel\/","name":"Anaerob-aush\u00e4rtende Impr\u00e4gniermittel","isPartOf":{"@id":"https:\/\/www.godfreywing.com\/de\/#website"},"datePublished":"2024-07-13T07:43:09+00:00","dateModified":"2024-07-13T07:48:30+00:00","description":"Anaerobe Impr\u00e4gniermittel werden h\u00e4ufig f\u00fcr den 3D-Druck, Sintermetalle und f\u00fcr umspritzte elektrische Komponenten verwendet.","breadcrumb":{"@id":"https:\/\/www.godfreywing.com\/de\/anaerob-aushaertende-impraegniermittel\/#breadcrumb"},"inLanguage":"de","potentialAction":[{"@type":"ReadAction","target":["https:\/\/www.godfreywing.com\/de\/anaerob-aushaertende-impraegniermittel\/"]}]},{"@type":"BreadcrumbList","@id":"https:\/\/www.godfreywing.com\/de\/anaerob-aushaertende-impraegniermittel\/#breadcrumb","itemListElement":[{"@type":"ListItem","position":1,"name":"Home","item":"https:\/\/www.godfreywing.com\/de\/"},{"@type":"ListItem","position":2,"name":"Anaerob-aush\u00e4rtende Impr\u00e4gniermittel"}]},{"@type":"WebSite","@id":"https:\/\/www.godfreywing.com\/de\/#website","url":"https:\/\/www.godfreywing.com\/de\/","name":"Godfrey \uff06 Wing","description":"","potentialAction":[{"@type":"SearchAction","target":{"@type":"EntryPoint","urlTemplate":"https:\/\/www.godfreywing.com\/de\/?s={search_term_string}"},"query-input":{"@type":"PropertyValueSpecification","valueRequired":true,"valueName":"search_term_string"}}],"inLanguage":"de"}]}},"_links":{"self":[{"href":"https:\/\/www.godfreywing.com\/de\/wp-json\/wp\/v2\/pages\/7240","targetHints":{"allow":["GET"]}}],"collection":[{"href":"https:\/\/www.godfreywing.com\/de\/wp-json\/wp\/v2\/pages"}],"about":[{"href":"https:\/\/www.godfreywing.com\/de\/wp-json\/wp\/v2\/types\/page"}],"author":[{"embeddable":true,"href":"https:\/\/www.godfreywing.com\/de\/wp-json\/wp\/v2\/users\/25"}],"replies":[{"embeddable":true,"href":"https:\/\/www.godfreywing.com\/de\/wp-json\/wp\/v2\/comments?post=7240"}],"version-history":[{"count":0,"href":"https:\/\/www.godfreywing.com\/de\/wp-json\/wp\/v2\/pages\/7240\/revisions"}],"wp:attachment":[{"href":"https:\/\/www.godfreywing.com\/de\/wp-json\/wp\/v2\/media?parent=7240"}],"curies":[{"name":"wp","href":"https:\/\/api.w.org\/{rel}","templated":true}]}}