{"id":7203,"date":"2024-07-12T13:35:30","date_gmt":"2024-07-12T13:35:30","guid":{"rendered":"https:\/\/www.godfreywing.plesk.tms.thomasnet.io\/?page_id=7203"},"modified":"2024-07-15T08:55:43","modified_gmt":"2024-07-15T08:55:43","slug":"capi-impraegnier-system","status":"publish","type":"page","link":"https:\/\/www.godfreywing.com\/de\/capi-impraegnier-system\/","title":{"rendered":"CAPi Impr\u00e4gnier System"},"content":{"rendered":"","protected":false},"excerpt":{"rendered":"","protected":false},"author":25,"featured_media":0,"parent":0,"menu_order":0,"comment_status":"closed","ping_status":"closed","template":"","meta":{"_acf_changed":false,"inline_featured_image":false,"footnotes":""},"class_list":["post-7203","page","type-page","status-publish","hentry"],"acf":[],"yoast_head":"<!-- This site is optimized with the Yoast SEO plugin v27.3 - https:\/\/yoast.com\/product\/yoast-seo-wordpress\/ -->\n<title>CAPi Impr\u00e4gnier System<\/title>\n<meta name=\"description\" content=\"Die CAPi von Godfrey &amp; Wing erm\u00f6glicht es Gro\u00dfserienherstellern und Zulieferern, die Vorteile der Vakuumimpr\u00e4gnierung in einer einfachen, leicht zu bedienenden Maschine zu nutzen.\" \/>\n<meta name=\"robots\" content=\"index, follow, max-snippet:-1, max-image-preview:large, max-video-preview:-1\" \/>\n<link rel=\"canonical\" href=\"https:\/\/www.godfreywing.com\/de\/capi-impraegnier-system\/\" \/>\n<meta property=\"og:locale\" content=\"de_DE\" \/>\n<meta property=\"og:type\" content=\"article\" \/>\n<meta property=\"og:title\" content=\"CAPi Impr\u00e4gnier System\" \/>\n<meta property=\"og:description\" content=\"Die CAPi von Godfrey &amp; Wing erm\u00f6glicht es Gro\u00dfserienherstellern und Zulieferern, die Vorteile der Vakuumimpr\u00e4gnierung in einer einfachen, leicht zu bedienenden Maschine zu nutzen.\" \/>\n<meta property=\"og:url\" content=\"https:\/\/www.godfreywing.com\/de\/capi-impraegnier-system\/\" \/>\n<meta property=\"og:site_name\" content=\"Godfrey \uff06 Wing\" \/>\n<meta property=\"article:modified_time\" content=\"2024-07-15T08:55:43+00:00\" \/>\n<script type=\"application\/ld+json\" class=\"yoast-schema-graph\">{\"@context\":\"https:\\\/\\\/schema.org\",\"@graph\":[{\"@type\":\"WebPage\",\"@id\":\"https:\\\/\\\/www.godfreywing.com\\\/de\\\/capi-impraegnier-system\\\/\",\"url\":\"https:\\\/\\\/www.godfreywing.com\\\/de\\\/capi-impraegnier-system\\\/\",\"name\":\"CAPi Impr\u00e4gnier System\",\"isPartOf\":{\"@id\":\"https:\\\/\\\/www.godfreywing.com\\\/de\\\/#website\"},\"datePublished\":\"2024-07-12T13:35:30+00:00\",\"dateModified\":\"2024-07-15T08:55:43+00:00\",\"description\":\"Die CAPi von Godfrey & Wing erm\u00f6glicht es Gro\u00dfserienherstellern und Zulieferern, die Vorteile der Vakuumimpr\u00e4gnierung in einer einfachen, leicht zu bedienenden Maschine zu nutzen.\",\"breadcrumb\":{\"@id\":\"https:\\\/\\\/www.godfreywing.com\\\/de\\\/capi-impraegnier-system\\\/#breadcrumb\"},\"inLanguage\":\"de\",\"potentialAction\":[{\"@type\":\"ReadAction\",\"target\":[\"https:\\\/\\\/www.godfreywing.com\\\/de\\\/capi-impraegnier-system\\\/\"]}]},{\"@type\":\"BreadcrumbList\",\"@id\":\"https:\\\/\\\/www.godfreywing.com\\\/de\\\/capi-impraegnier-system\\\/#breadcrumb\",\"itemListElement\":[{\"@type\":\"ListItem\",\"position\":1,\"name\":\"Home\",\"item\":\"https:\\\/\\\/www.godfreywing.com\\\/de\\\/\"},{\"@type\":\"ListItem\",\"position\":2,\"name\":\"CAPi Impr\u00e4gnier System\"}]},{\"@type\":\"WebSite\",\"@id\":\"https:\\\/\\\/www.godfreywing.com\\\/de\\\/#website\",\"url\":\"https:\\\/\\\/www.godfreywing.com\\\/de\\\/\",\"name\":\"Godfrey \uff06 Wing\",\"description\":\"\",\"potentialAction\":[{\"@type\":\"SearchAction\",\"target\":{\"@type\":\"EntryPoint\",\"urlTemplate\":\"https:\\\/\\\/www.godfreywing.com\\\/de\\\/?s={search_term_string}\"},\"query-input\":{\"@type\":\"PropertyValueSpecification\",\"valueRequired\":true,\"valueName\":\"search_term_string\"}}],\"inLanguage\":\"de\"}]}<\/script>\n<!-- \/ Yoast SEO plugin. -->","yoast_head_json":{"title":"CAPi Impr\u00e4gnier System","description":"Die CAPi von Godfrey & Wing erm\u00f6glicht es Gro\u00dfserienherstellern und Zulieferern, die Vorteile der Vakuumimpr\u00e4gnierung in einer einfachen, leicht zu bedienenden Maschine zu nutzen.","robots":{"index":"index","follow":"follow","max-snippet":"max-snippet:-1","max-image-preview":"max-image-preview:large","max-video-preview":"max-video-preview:-1"},"canonical":"https:\/\/www.godfreywing.com\/de\/capi-impraegnier-system\/","og_locale":"de_DE","og_type":"article","og_title":"CAPi Impr\u00e4gnier System","og_description":"Die CAPi von Godfrey & Wing erm\u00f6glicht es Gro\u00dfserienherstellern und Zulieferern, die Vorteile der Vakuumimpr\u00e4gnierung in einer einfachen, leicht zu bedienenden Maschine zu nutzen.","og_url":"https:\/\/www.godfreywing.com\/de\/capi-impraegnier-system\/","og_site_name":"Godfrey \uff06 Wing","article_modified_time":"2024-07-15T08:55:43+00:00","schema":{"@context":"https:\/\/schema.org","@graph":[{"@type":"WebPage","@id":"https:\/\/www.godfreywing.com\/de\/capi-impraegnier-system\/","url":"https:\/\/www.godfreywing.com\/de\/capi-impraegnier-system\/","name":"CAPi Impr\u00e4gnier System","isPartOf":{"@id":"https:\/\/www.godfreywing.com\/de\/#website"},"datePublished":"2024-07-12T13:35:30+00:00","dateModified":"2024-07-15T08:55:43+00:00","description":"Die CAPi von Godfrey & Wing erm\u00f6glicht es Gro\u00dfserienherstellern und Zulieferern, die Vorteile der Vakuumimpr\u00e4gnierung in einer einfachen, leicht zu bedienenden Maschine zu nutzen.","breadcrumb":{"@id":"https:\/\/www.godfreywing.com\/de\/capi-impraegnier-system\/#breadcrumb"},"inLanguage":"de","potentialAction":[{"@type":"ReadAction","target":["https:\/\/www.godfreywing.com\/de\/capi-impraegnier-system\/"]}]},{"@type":"BreadcrumbList","@id":"https:\/\/www.godfreywing.com\/de\/capi-impraegnier-system\/#breadcrumb","itemListElement":[{"@type":"ListItem","position":1,"name":"Home","item":"https:\/\/www.godfreywing.com\/de\/"},{"@type":"ListItem","position":2,"name":"CAPi Impr\u00e4gnier System"}]},{"@type":"WebSite","@id":"https:\/\/www.godfreywing.com\/de\/#website","url":"https:\/\/www.godfreywing.com\/de\/","name":"Godfrey \uff06 Wing","description":"","potentialAction":[{"@type":"SearchAction","target":{"@type":"EntryPoint","urlTemplate":"https:\/\/www.godfreywing.com\/de\/?s={search_term_string}"},"query-input":{"@type":"PropertyValueSpecification","valueRequired":true,"valueName":"search_term_string"}}],"inLanguage":"de"}]}},"_links":{"self":[{"href":"https:\/\/www.godfreywing.com\/de\/wp-json\/wp\/v2\/pages\/7203","targetHints":{"allow":["GET"]}}],"collection":[{"href":"https:\/\/www.godfreywing.com\/de\/wp-json\/wp\/v2\/pages"}],"about":[{"href":"https:\/\/www.godfreywing.com\/de\/wp-json\/wp\/v2\/types\/page"}],"author":[{"embeddable":true,"href":"https:\/\/www.godfreywing.com\/de\/wp-json\/wp\/v2\/users\/25"}],"replies":[{"embeddable":true,"href":"https:\/\/www.godfreywing.com\/de\/wp-json\/wp\/v2\/comments?post=7203"}],"version-history":[{"count":0,"href":"https:\/\/www.godfreywing.com\/de\/wp-json\/wp\/v2\/pages\/7203\/revisions"}],"wp:attachment":[{"href":"https:\/\/www.godfreywing.com\/de\/wp-json\/wp\/v2\/media?parent=7203"}],"curies":[{"name":"wp","href":"https:\/\/api.w.org\/{rel}","templated":true}]}}