{"id":6694,"date":"2024-07-10T06:27:56","date_gmt":"2024-07-10T06:27:56","guid":{"rendered":"https:\/\/www.godfreywing.plesk.tms.thomasnet.io\/?page_id=6694"},"modified":"2024-12-11T18:45:02","modified_gmt":"2024-12-11T18:45:02","slug":"vpi-ausruestung","status":"publish","type":"page","link":"https:\/\/www.godfreywing.com\/de\/vpi-ausruestung\/","title":{"rendered":"VPI Ausr\u00fcstung"},"content":{"rendered":"<p>Vakuumdruckimpr\u00e4gnierung (VPI) ist eine Methode zur Isolierung von Motorstatoren und -rotoren mit einem Lack, der den Motor leistungsf\u00e4higer, effizienter und langlebiger macht.  <\/p>\n<p>Mit seiner Abteilung Imprex entwirft und baut Godfrey &#038; Wing VPI-Systeme, die auf Kundenspezifikationen zugeschnitten sind und von kleinen bodenmontierten Systemen bis hin zu Zweikammer-OEM-Systemen reichen.  <\/p>\n<p>Dank unserer \u00fcber 50-j\u00e4hrigen Entwicklungs- und Fertigungserfahrung wurden Hunderte von VPI-Systemen auf der ganzen Welt installiert, von den USA \u00fcber Peru bis nach Vietnam.<\/p>\n","protected":false},"excerpt":{"rendered":"<p>Vakuumdruckimpr\u00e4gnierung (VPI) ist eine Methode zur Isolierung von Motorstatoren und -rotoren mit einem Lack, der den Motor leistungsf\u00e4higer, effizienter und langlebiger macht. Mit seiner Abteilung Imprex entwirft und baut Godfrey &#038; Wing VPI-Systeme, die auf Kundenspezifikationen zugeschnitten sind und von kleinen bodenmontierten Systemen bis hin zu Zweikammer-OEM-Systemen reichen. Dank unserer \u00fcber 50-j\u00e4hrigen Entwicklungs- und Fertigungserfahrung [&hellip;]<\/p>\n","protected":false},"author":25,"featured_media":0,"parent":0,"menu_order":0,"comment_status":"closed","ping_status":"closed","template":"","meta":{"_acf_changed":false,"inline_featured_image":false,"footnotes":""},"class_list":["post-6694","page","type-page","status-publish","hentry"],"acf":[],"yoast_head":"<!-- This site is optimized with the Yoast SEO plugin v27.3 - https:\/\/yoast.com\/product\/yoast-seo-wordpress\/ -->\n<title>VPI Ausr\u00fcstung<\/title>\n<meta name=\"description\" content=\"Godfrey &amp; Wing designs and builds VPI systems tailored to customer specifications, ranging from small floor-mounted systems to two-chamber OEM systems.\" \/>\n<meta name=\"robots\" content=\"index, follow, max-snippet:-1, max-image-preview:large, max-video-preview:-1\" \/>\n<link rel=\"canonical\" href=\"https:\/\/www.godfreywing.com\/de\/vpi-ausruestung\/\" \/>\n<meta property=\"og:locale\" content=\"de_DE\" \/>\n<meta property=\"og:type\" content=\"article\" \/>\n<meta property=\"og:title\" content=\"VPI Ausr\u00fcstung\" \/>\n<meta property=\"og:description\" content=\"Godfrey &amp; Wing designs and builds VPI systems tailored to customer specifications, ranging from small floor-mounted systems to two-chamber OEM systems.\" \/>\n<meta property=\"og:url\" content=\"https:\/\/www.godfreywing.com\/de\/vpi-ausruestung\/\" \/>\n<meta property=\"og:site_name\" content=\"Godfrey \uff06 Wing\" \/>\n<meta property=\"article:modified_time\" content=\"2024-12-11T18:45:02+00:00\" \/>\n<meta name=\"twitter:label1\" content=\"Gesch\u00e4tzte Lesezeit\" \/>\n\t<meta name=\"twitter:data1\" content=\"1\u00a0Minute\" \/>\n<script type=\"application\/ld+json\" class=\"yoast-schema-graph\">{\"@context\":\"https:\\\/\\\/schema.org\",\"@graph\":[{\"@type\":\"WebPage\",\"@id\":\"https:\\\/\\\/www.godfreywing.com\\\/de\\\/vpi-ausruestung\\\/\",\"url\":\"https:\\\/\\\/www.godfreywing.com\\\/de\\\/vpi-ausruestung\\\/\",\"name\":\"VPI Ausr\u00fcstung\",\"isPartOf\":{\"@id\":\"https:\\\/\\\/www.godfreywing.com\\\/de\\\/#website\"},\"datePublished\":\"2024-07-10T06:27:56+00:00\",\"dateModified\":\"2024-12-11T18:45:02+00:00\",\"description\":\"Godfrey & Wing designs and builds VPI systems tailored to customer specifications, ranging from small floor-mounted systems to two-chamber OEM systems.\",\"breadcrumb\":{\"@id\":\"https:\\\/\\\/www.godfreywing.com\\\/de\\\/vpi-ausruestung\\\/#breadcrumb\"},\"inLanguage\":\"de\",\"potentialAction\":[{\"@type\":\"ReadAction\",\"target\":[\"https:\\\/\\\/www.godfreywing.com\\\/de\\\/vpi-ausruestung\\\/\"]}]},{\"@type\":\"BreadcrumbList\",\"@id\":\"https:\\\/\\\/www.godfreywing.com\\\/de\\\/vpi-ausruestung\\\/#breadcrumb\",\"itemListElement\":[{\"@type\":\"ListItem\",\"position\":1,\"name\":\"Home\",\"item\":\"https:\\\/\\\/www.godfreywing.com\\\/de\\\/\"},{\"@type\":\"ListItem\",\"position\":2,\"name\":\"VPI Ausr\u00fcstung\"}]},{\"@type\":\"WebSite\",\"@id\":\"https:\\\/\\\/www.godfreywing.com\\\/de\\\/#website\",\"url\":\"https:\\\/\\\/www.godfreywing.com\\\/de\\\/\",\"name\":\"Godfrey \uff06 Wing\",\"description\":\"\",\"potentialAction\":[{\"@type\":\"SearchAction\",\"target\":{\"@type\":\"EntryPoint\",\"urlTemplate\":\"https:\\\/\\\/www.godfreywing.com\\\/de\\\/?s={search_term_string}\"},\"query-input\":{\"@type\":\"PropertyValueSpecification\",\"valueRequired\":true,\"valueName\":\"search_term_string\"}}],\"inLanguage\":\"de\"}]}<\/script>\n<!-- \/ Yoast SEO plugin. -->","yoast_head_json":{"title":"VPI Ausr\u00fcstung","description":"Godfrey & Wing designs and builds VPI systems tailored to customer specifications, ranging from small floor-mounted systems to two-chamber OEM systems.","robots":{"index":"index","follow":"follow","max-snippet":"max-snippet:-1","max-image-preview":"max-image-preview:large","max-video-preview":"max-video-preview:-1"},"canonical":"https:\/\/www.godfreywing.com\/de\/vpi-ausruestung\/","og_locale":"de_DE","og_type":"article","og_title":"VPI Ausr\u00fcstung","og_description":"Godfrey & Wing designs and builds VPI systems tailored to customer specifications, ranging from small floor-mounted systems to two-chamber OEM systems.","og_url":"https:\/\/www.godfreywing.com\/de\/vpi-ausruestung\/","og_site_name":"Godfrey \uff06 Wing","article_modified_time":"2024-12-11T18:45:02+00:00","twitter_misc":{"Gesch\u00e4tzte Lesezeit":"1\u00a0Minute"},"schema":{"@context":"https:\/\/schema.org","@graph":[{"@type":"WebPage","@id":"https:\/\/www.godfreywing.com\/de\/vpi-ausruestung\/","url":"https:\/\/www.godfreywing.com\/de\/vpi-ausruestung\/","name":"VPI Ausr\u00fcstung","isPartOf":{"@id":"https:\/\/www.godfreywing.com\/de\/#website"},"datePublished":"2024-07-10T06:27:56+00:00","dateModified":"2024-12-11T18:45:02+00:00","description":"Godfrey & Wing designs and builds VPI systems tailored to customer specifications, ranging from small floor-mounted systems to two-chamber OEM systems.","breadcrumb":{"@id":"https:\/\/www.godfreywing.com\/de\/vpi-ausruestung\/#breadcrumb"},"inLanguage":"de","potentialAction":[{"@type":"ReadAction","target":["https:\/\/www.godfreywing.com\/de\/vpi-ausruestung\/"]}]},{"@type":"BreadcrumbList","@id":"https:\/\/www.godfreywing.com\/de\/vpi-ausruestung\/#breadcrumb","itemListElement":[{"@type":"ListItem","position":1,"name":"Home","item":"https:\/\/www.godfreywing.com\/de\/"},{"@type":"ListItem","position":2,"name":"VPI Ausr\u00fcstung"}]},{"@type":"WebSite","@id":"https:\/\/www.godfreywing.com\/de\/#website","url":"https:\/\/www.godfreywing.com\/de\/","name":"Godfrey \uff06 Wing","description":"","potentialAction":[{"@type":"SearchAction","target":{"@type":"EntryPoint","urlTemplate":"https:\/\/www.godfreywing.com\/de\/?s={search_term_string}"},"query-input":{"@type":"PropertyValueSpecification","valueRequired":true,"valueName":"search_term_string"}}],"inLanguage":"de"}]}},"_links":{"self":[{"href":"https:\/\/www.godfreywing.com\/de\/wp-json\/wp\/v2\/pages\/6694","targetHints":{"allow":["GET"]}}],"collection":[{"href":"https:\/\/www.godfreywing.com\/de\/wp-json\/wp\/v2\/pages"}],"about":[{"href":"https:\/\/www.godfreywing.com\/de\/wp-json\/wp\/v2\/types\/page"}],"author":[{"embeddable":true,"href":"https:\/\/www.godfreywing.com\/de\/wp-json\/wp\/v2\/users\/25"}],"replies":[{"embeddable":true,"href":"https:\/\/www.godfreywing.com\/de\/wp-json\/wp\/v2\/comments?post=6694"}],"version-history":[{"count":0,"href":"https:\/\/www.godfreywing.com\/de\/wp-json\/wp\/v2\/pages\/6694\/revisions"}],"wp:attachment":[{"href":"https:\/\/www.godfreywing.com\/de\/wp-json\/wp\/v2\/media?parent=6694"}],"curies":[{"name":"wp","href":"https:\/\/api.w.org\/{rel}","templated":true}]}}