{"id":6065,"date":"2024-07-05T13:20:48","date_gmt":"2024-07-05T13:20:48","guid":{"rendered":"https:\/\/www.godfreywing.plesk.tms.thomasnet.io\/?page_id=6065"},"modified":"2024-07-18T11:27:29","modified_gmt":"2024-07-18T11:27:29","slug":"was-ist-vakuumimpraegnierung","status":"publish","type":"page","link":"https:\/\/www.godfreywing.com\/de\/was-ist-vakuumimpraegnierung\/","title":{"rendered":"Was ist Vakuumimpr\u00e4gnierung"},"content":{"rendered":"","protected":false},"excerpt":{"rendered":"","protected":false},"author":25,"featured_media":0,"parent":0,"menu_order":0,"comment_status":"closed","ping_status":"closed","template":"","meta":{"_acf_changed":false,"inline_featured_image":false,"footnotes":""},"class_list":["post-6065","page","type-page","status-publish","hentry"],"acf":[],"yoast_head":"<!-- This site is optimized with the Yoast SEO plugin v27.3 - https:\/\/yoast.com\/product\/yoast-seo-wordpress\/ -->\n<title>Was ist Vakuumimpr\u00e4gnierung<\/title>\n<meta name=\"description\" content=\"Die Vakuumimpr\u00e4gnierung dichtet Porosit\u00e4ten und Leckagestellen ab, die w\u00e4hrend des Gie\u00dfensoder Formprozess entstehen. Das Verfahren stoppt die Porosit\u00e4t und erm\u00f6glicht es den Herstellern, Teile zu verwenden, die sonst verschrottet werden w\u00fcrden.\" \/>\n<meta name=\"robots\" content=\"index, follow, max-snippet:-1, max-image-preview:large, max-video-preview:-1\" \/>\n<link rel=\"canonical\" href=\"https:\/\/www.godfreywing.com\/de\/was-ist-vakuumimpraegnierung\/\" \/>\n<meta property=\"og:locale\" content=\"de_DE\" \/>\n<meta property=\"og:type\" content=\"article\" \/>\n<meta property=\"og:title\" content=\"Was ist Vakuumimpr\u00e4gnierung\" \/>\n<meta property=\"og:description\" content=\"Die Vakuumimpr\u00e4gnierung dichtet Porosit\u00e4ten und Leckagestellen ab, die w\u00e4hrend des Gie\u00dfensoder Formprozess entstehen. Das Verfahren stoppt die Porosit\u00e4t und erm\u00f6glicht es den Herstellern, Teile zu verwenden, die sonst verschrottet werden w\u00fcrden.\" \/>\n<meta property=\"og:url\" content=\"https:\/\/www.godfreywing.com\/de\/was-ist-vakuumimpraegnierung\/\" \/>\n<meta property=\"og:site_name\" content=\"Godfrey \uff06 Wing\" \/>\n<meta property=\"article:modified_time\" content=\"2024-07-18T11:27:29+00:00\" \/>\n<script type=\"application\/ld+json\" class=\"yoast-schema-graph\">{\"@context\":\"https:\\\/\\\/schema.org\",\"@graph\":[{\"@type\":\"WebPage\",\"@id\":\"https:\\\/\\\/www.godfreywing.com\\\/de\\\/was-ist-vakuumimpraegnierung\\\/\",\"url\":\"https:\\\/\\\/www.godfreywing.com\\\/de\\\/was-ist-vakuumimpraegnierung\\\/\",\"name\":\"Was ist Vakuumimpr\u00e4gnierung\",\"isPartOf\":{\"@id\":\"https:\\\/\\\/www.godfreywing.com\\\/de\\\/#website\"},\"datePublished\":\"2024-07-05T13:20:48+00:00\",\"dateModified\":\"2024-07-18T11:27:29+00:00\",\"description\":\"Die Vakuumimpr\u00e4gnierung dichtet Porosit\u00e4ten und Leckagestellen ab, die w\u00e4hrend des Gie\u00dfensoder Formprozess entstehen. Das Verfahren stoppt die Porosit\u00e4t und erm\u00f6glicht es den Herstellern, Teile zu verwenden, die sonst verschrottet werden w\u00fcrden.\",\"breadcrumb\":{\"@id\":\"https:\\\/\\\/www.godfreywing.com\\\/de\\\/was-ist-vakuumimpraegnierung\\\/#breadcrumb\"},\"inLanguage\":\"de\",\"potentialAction\":[{\"@type\":\"ReadAction\",\"target\":[\"https:\\\/\\\/www.godfreywing.com\\\/de\\\/was-ist-vakuumimpraegnierung\\\/\"]}]},{\"@type\":\"BreadcrumbList\",\"@id\":\"https:\\\/\\\/www.godfreywing.com\\\/de\\\/was-ist-vakuumimpraegnierung\\\/#breadcrumb\",\"itemListElement\":[{\"@type\":\"ListItem\",\"position\":1,\"name\":\"Home\",\"item\":\"https:\\\/\\\/www.godfreywing.com\\\/de\\\/\"},{\"@type\":\"ListItem\",\"position\":2,\"name\":\"Was ist Vakuumimpr\u00e4gnierung\"}]},{\"@type\":\"WebSite\",\"@id\":\"https:\\\/\\\/www.godfreywing.com\\\/de\\\/#website\",\"url\":\"https:\\\/\\\/www.godfreywing.com\\\/de\\\/\",\"name\":\"Godfrey \uff06 Wing\",\"description\":\"\",\"potentialAction\":[{\"@type\":\"SearchAction\",\"target\":{\"@type\":\"EntryPoint\",\"urlTemplate\":\"https:\\\/\\\/www.godfreywing.com\\\/de\\\/?s={search_term_string}\"},\"query-input\":{\"@type\":\"PropertyValueSpecification\",\"valueRequired\":true,\"valueName\":\"search_term_string\"}}],\"inLanguage\":\"de\"}]}<\/script>\n<!-- \/ Yoast SEO plugin. -->","yoast_head_json":{"title":"Was ist Vakuumimpr\u00e4gnierung","description":"Die Vakuumimpr\u00e4gnierung dichtet Porosit\u00e4ten und Leckagestellen ab, die w\u00e4hrend des Gie\u00dfensoder Formprozess entstehen. Das Verfahren stoppt die Porosit\u00e4t und erm\u00f6glicht es den Herstellern, Teile zu verwenden, die sonst verschrottet werden w\u00fcrden.","robots":{"index":"index","follow":"follow","max-snippet":"max-snippet:-1","max-image-preview":"max-image-preview:large","max-video-preview":"max-video-preview:-1"},"canonical":"https:\/\/www.godfreywing.com\/de\/was-ist-vakuumimpraegnierung\/","og_locale":"de_DE","og_type":"article","og_title":"Was ist Vakuumimpr\u00e4gnierung","og_description":"Die Vakuumimpr\u00e4gnierung dichtet Porosit\u00e4ten und Leckagestellen ab, die w\u00e4hrend des Gie\u00dfensoder Formprozess entstehen. Das Verfahren stoppt die Porosit\u00e4t und erm\u00f6glicht es den Herstellern, Teile zu verwenden, die sonst verschrottet werden w\u00fcrden.","og_url":"https:\/\/www.godfreywing.com\/de\/was-ist-vakuumimpraegnierung\/","og_site_name":"Godfrey \uff06 Wing","article_modified_time":"2024-07-18T11:27:29+00:00","schema":{"@context":"https:\/\/schema.org","@graph":[{"@type":"WebPage","@id":"https:\/\/www.godfreywing.com\/de\/was-ist-vakuumimpraegnierung\/","url":"https:\/\/www.godfreywing.com\/de\/was-ist-vakuumimpraegnierung\/","name":"Was ist Vakuumimpr\u00e4gnierung","isPartOf":{"@id":"https:\/\/www.godfreywing.com\/de\/#website"},"datePublished":"2024-07-05T13:20:48+00:00","dateModified":"2024-07-18T11:27:29+00:00","description":"Die Vakuumimpr\u00e4gnierung dichtet Porosit\u00e4ten und Leckagestellen ab, die w\u00e4hrend des Gie\u00dfensoder Formprozess entstehen. Das Verfahren stoppt die Porosit\u00e4t und erm\u00f6glicht es den Herstellern, Teile zu verwenden, die sonst verschrottet werden w\u00fcrden.","breadcrumb":{"@id":"https:\/\/www.godfreywing.com\/de\/was-ist-vakuumimpraegnierung\/#breadcrumb"},"inLanguage":"de","potentialAction":[{"@type":"ReadAction","target":["https:\/\/www.godfreywing.com\/de\/was-ist-vakuumimpraegnierung\/"]}]},{"@type":"BreadcrumbList","@id":"https:\/\/www.godfreywing.com\/de\/was-ist-vakuumimpraegnierung\/#breadcrumb","itemListElement":[{"@type":"ListItem","position":1,"name":"Home","item":"https:\/\/www.godfreywing.com\/de\/"},{"@type":"ListItem","position":2,"name":"Was ist Vakuumimpr\u00e4gnierung"}]},{"@type":"WebSite","@id":"https:\/\/www.godfreywing.com\/de\/#website","url":"https:\/\/www.godfreywing.com\/de\/","name":"Godfrey \uff06 Wing","description":"","potentialAction":[{"@type":"SearchAction","target":{"@type":"EntryPoint","urlTemplate":"https:\/\/www.godfreywing.com\/de\/?s={search_term_string}"},"query-input":{"@type":"PropertyValueSpecification","valueRequired":true,"valueName":"search_term_string"}}],"inLanguage":"de"}]}},"_links":{"self":[{"href":"https:\/\/www.godfreywing.com\/de\/wp-json\/wp\/v2\/pages\/6065","targetHints":{"allow":["GET"]}}],"collection":[{"href":"https:\/\/www.godfreywing.com\/de\/wp-json\/wp\/v2\/pages"}],"about":[{"href":"https:\/\/www.godfreywing.com\/de\/wp-json\/wp\/v2\/types\/page"}],"author":[{"embeddable":true,"href":"https:\/\/www.godfreywing.com\/de\/wp-json\/wp\/v2\/users\/25"}],"replies":[{"embeddable":true,"href":"https:\/\/www.godfreywing.com\/de\/wp-json\/wp\/v2\/comments?post=6065"}],"version-history":[{"count":0,"href":"https:\/\/www.godfreywing.com\/de\/wp-json\/wp\/v2\/pages\/6065\/revisions"}],"wp:attachment":[{"href":"https:\/\/www.godfreywing.com\/de\/wp-json\/wp\/v2\/media?parent=6065"}],"curies":[{"name":"wp","href":"https:\/\/api.w.org\/{rel}","templated":true}]}}